{"id":3870,"date":"2025-07-10T13:48:26","date_gmt":"2025-07-10T05:48:26","guid":{"rendered":"https:\/\/www.sztigerwong.com\/?post_type=product&#038;p=3870"},"modified":"2025-07-23T13:35:03","modified_gmt":"2025-07-23T05:35:03","slug":"tripod-turnstile-gate-tgw-tt002-2-2-2-2","status":"publish","type":"product","link":"https:\/\/www.sztigerwong.com\/it\/product\/tripod-turnstile-gate-tgw-tt002-2-2-2-2\/","title":{"rendered":"LST010-4"},"content":{"rendered":"","protected":false},"excerpt":{"rendered":"<p>TGW-TT006 utilizza una scatola in acciaio inossidabile 304 con una struttura robusta e resistente. Supporta pi\u00f9 metodi di verifica come scheda IC, carta d'identit\u00e0, codice QR, ecc. Pu\u00f2 essere impostato in modalit\u00e0 passaggio unidirezionale o bidirezionale. Quando l'alimentazione \u00e8 spenta, i tre rulli possono essere spinti manualmente per ruotare per garantire il passaggio in situazioni di emergenza. \u00c8 adatto per stazioni della metropolitana, fabbriche, edifici per uffici e altri luoghi.<\/p>","protected":false},"featured_media":3976,"comment_status":"closed","ping_status":"closed","template":"","meta":[],"product_brand":[],"product_cat":[54,19],"product_tag":[],"class_list":{"0":"post-3870","1":"product","2":"type-product","3":"status-publish","4":"has-post-thumbnail","6":"product_cat-tripod-turnstile-gate","7":"product_cat-turnstile-gate","9":"first","10":"instock","11":"shipping-taxable","12":"product-type-simple"},"_links":{"self":[{"href":"https:\/\/www.sztigerwong.com\/it\/wp-json\/wp\/v2\/product\/3870","targetHints":{"allow":["GET"]}}],"collection":[{"href":"https:\/\/www.sztigerwong.com\/it\/wp-json\/wp\/v2\/product"}],"about":[{"href":"https:\/\/www.sztigerwong.com\/it\/wp-json\/wp\/v2\/types\/product"}],"replies":[{"embeddable":true,"href":"https:\/\/www.sztigerwong.com\/it\/wp-json\/wp\/v2\/comments?post=3870"}],"wp:featuredmedia":[{"embeddable":true,"href":"https:\/\/www.sztigerwong.com\/it\/wp-json\/wp\/v2\/media\/3976"}],"wp:attachment":[{"href":"https:\/\/www.sztigerwong.com\/it\/wp-json\/wp\/v2\/media?parent=3870"}],"wp:term":[{"taxonomy":"product_brand","embeddable":true,"href":"https:\/\/www.sztigerwong.com\/it\/wp-json\/wp\/v2\/product_brand?post=3870"},{"taxonomy":"product_cat","embeddable":true,"href":"https:\/\/www.sztigerwong.com\/it\/wp-json\/wp\/v2\/product_cat?post=3870"},{"taxonomy":"product_tag","embeddable":true,"href":"https:\/\/www.sztigerwong.com\/it\/wp-json\/wp\/v2\/product_tag?post=3870"}],"curies":[{"name":"WP","href":"https:\/\/api.w.org\/{rel}","templated":true}]}}