{"id":5413,"date":"2025-11-08T13:43:28","date_gmt":"2025-11-08T05:43:28","guid":{"rendered":"https:\/\/www.sztigerwong.com\/?post_type=product&#038;p=5413"},"modified":"2025-11-08T15:16:05","modified_gmt":"2025-11-08T07:16:05","slug":"software-tgw-parksfw-ts","status":"publish","type":"product","link":"https:\/\/www.sztigerwong.com\/fr\/product\/software-tgw-parksfw-ts\/","title":{"rendered":"TGW-Webbase-L est une solution int\u00e9gr\u00e9e de reconnaissance de plaques d'immatriculation et de gestion des op\u00e9rations bas\u00e9e sur une architecture B\/S. Les utilisateurs n'ont pas besoin d'installer de logiciel client; ils peuvent y acc\u00e9der \u00e0 tout moment, n'importe o\u00f9 via un navigateur pour r\u00e9aliser une gestion centralis\u00e9e et visualis\u00e9e des parkings ou des points de reconnaissance dispers\u00e9s dans diff\u00e9rents emplacements."},"content":{"rendered":"","protected":false},"excerpt":{"rendered":"<p>Logiciel - TGW-Webbase-L<\/p>","protected":false},"featured_media":5414,"comment_status":"closed","ping_status":"closed","template":"","meta":[],"product_brand":[],"product_cat":[21],"product_tag":[],"class_list":{"0":"post-5413","1":"product","2":"type-product","3":"status-publish","4":"has-post-thumbnail","6":"product_cat-software","8":"first","9":"instock","10":"shipping-taxable","11":"product-type-simple"},"_links":{"self":[{"href":"https:\/\/www.sztigerwong.com\/fr\/wp-json\/wp\/v2\/product\/5413","targetHints":{"allow":["GET"]}}],"collection":[{"href":"https:\/\/www.sztigerwong.com\/fr\/wp-json\/wp\/v2\/product"}],"about":[{"href":"https:\/\/www.sztigerwong.com\/fr\/wp-json\/wp\/v2\/types\/product"}],"replies":[{"embeddable":true,"href":"https:\/\/www.sztigerwong.com\/fr\/wp-json\/wp\/v2\/comments?post=5413"}],"wp:featuredmedia":[{"embeddable":true,"href":"https:\/\/www.sztigerwong.com\/fr\/wp-json\/wp\/v2\/media\/5414"}],"wp:attachment":[{"href":"https:\/\/www.sztigerwong.com\/fr\/wp-json\/wp\/v2\/media?parent=5413"}],"wp:term":[{"taxonomy":"product_brand","embeddable":true,"href":"https:\/\/www.sztigerwong.com\/fr\/wp-json\/wp\/v2\/product_brand?post=5413"},{"taxonomy":"product_cat","embeddable":true,"href":"https:\/\/www.sztigerwong.com\/fr\/wp-json\/wp\/v2\/product_cat?post=5413"},{"taxonomy":"product_tag","embeddable":true,"href":"https:\/\/www.sztigerwong.com\/fr\/wp-json\/wp\/v2\/product_tag?post=5413"}],"curies":[{"name":"WP","href":"https:\/\/api.w.org\/{rel}","templated":true}]}}