{"id":5342,"date":"2025-11-06T17:45:01","date_gmt":"2025-11-06T09:45:01","guid":{"rendered":"https:\/\/www.sztigerwong.com\/?post_type=product&#038;p=5342"},"modified":"2025-11-06T17:57:49","modified_gmt":"2025-11-06T09:57:49","slug":"access-control-tgw-tm81f","status":"publish","type":"product","link":"https:\/\/www.sztigerwong.com\/fr\/product\/access-control-tgw-tm81f\/","title":{"rendered":"R\u00e9veil activ\u00e9 par capteur: Lorsque une personne s'approche, le capteur active automatiquement le syst\u00e8me et l'\u00e9cran s'allume simultan\u00e9ment, guidant l'utilisateur \u00e0 utiliser la v\u00e9rification du visage ou des empreintes digitales."},"content":{"rendered":"","protected":false},"excerpt":{"rendered":"<p>Reconnaissance en double mode: les utilisateurs peuvent choisir de faire face \u00e0 l'appareil photo pour la reconnaissance faciale ou d'utiliser un scanner d'empreintes digitales pour la v\u00e9rification; le syst\u00e8me prend en charge les deux m\u00e9thodes individuellement ou en combinaison.<\/p>","protected":false},"featured_media":5344,"comment_status":"closed","ping_status":"closed","template":"","meta":[],"product_brand":[],"product_cat":[20],"product_tag":[],"class_list":{"0":"post-5342","1":"product","2":"type-product","3":"status-publish","4":"has-post-thumbnail","6":"product_cat-access-control","8":"first","9":"instock","10":"shipping-taxable","11":"product-type-simple"},"_links":{"self":[{"href":"https:\/\/www.sztigerwong.com\/fr\/wp-json\/wp\/v2\/product\/5342","targetHints":{"allow":["GET"]}}],"collection":[{"href":"https:\/\/www.sztigerwong.com\/fr\/wp-json\/wp\/v2\/product"}],"about":[{"href":"https:\/\/www.sztigerwong.com\/fr\/wp-json\/wp\/v2\/types\/product"}],"replies":[{"embeddable":true,"href":"https:\/\/www.sztigerwong.com\/fr\/wp-json\/wp\/v2\/comments?post=5342"}],"wp:featuredmedia":[{"embeddable":true,"href":"https:\/\/www.sztigerwong.com\/fr\/wp-json\/wp\/v2\/media\/5344"}],"wp:attachment":[{"href":"https:\/\/www.sztigerwong.com\/fr\/wp-json\/wp\/v2\/media?parent=5342"}],"wp:term":[{"taxonomy":"product_brand","embeddable":true,"href":"https:\/\/www.sztigerwong.com\/fr\/wp-json\/wp\/v2\/product_brand?post=5342"},{"taxonomy":"product_cat","embeddable":true,"href":"https:\/\/www.sztigerwong.com\/fr\/wp-json\/wp\/v2\/product_cat?post=5342"},{"taxonomy":"product_tag","embeddable":true,"href":"https:\/\/www.sztigerwong.com\/fr\/wp-json\/wp\/v2\/product_tag?post=5342"}],"curies":[{"name":"WP","href":"https:\/\/api.w.org\/{rel}","templated":true}]}}