{"id":5328,"date":"2025-11-06T16:57:05","date_gmt":"2025-11-06T08:57:05","guid":{"rendered":"https:\/\/www.sztigerwong.com\/?post_type=product&#038;p=5328"},"modified":"2025-11-06T17:15:27","modified_gmt":"2025-11-06T09:15:27","slug":"access-control-tgw-fcm","status":"publish","type":"product","link":"https:\/\/www.sztigerwong.com\/fr\/product\/access-control-tgw-fcm\/","title":{"rendered":"Surveillance de la s\u00e9curit\u00e9 pendant le passage: Apr\u00e8s l'ouverture de la porte, la carte de commande utilise des capteurs infrarouges multi-segments pour surveiller l'\u00e9tat du canal en temps r\u00e9el, en identifiant intelligentement le passage normal, l'arri\u00e8re-porte ou la persistance, et en mettant en \u0153uvre des strat\u00e9gies de s\u00e9curit\u00e9 anti-pin\u00e7age et anti-arri\u00e8re-porte en cons\u00e9quence."},"content":{"rendered":"","protected":false},"excerpt":{"rendered":"<p>R\u00e9initialisation du processus et \u00e9tat d'attente: Apr\u00e8s avoir confirm\u00e9 que tout le personnel a pass\u00e9 et que le passage est d\u00e9barrass\u00e9, le tableau de commande ferme en toute s\u00e9curit\u00e9 la porte, tous les \u00e9tats du syst\u00e8me sont r\u00e9initialis\u00e9s et le syst\u00e8me retourne en mode de surveillance en attente pour attendre le prochain cycle de passage.<\/p>","protected":false},"featured_media":5329,"comment_status":"closed","ping_status":"closed","template":"","meta":[],"product_brand":[],"product_cat":[20],"product_tag":[],"class_list":{"0":"post-5328","1":"product","2":"type-product","3":"status-publish","4":"has-post-thumbnail","6":"product_cat-access-control","8":"first","9":"instock","10":"shipping-taxable","11":"product-type-simple"},"_links":{"self":[{"href":"https:\/\/www.sztigerwong.com\/fr\/wp-json\/wp\/v2\/product\/5328","targetHints":{"allow":["GET"]}}],"collection":[{"href":"https:\/\/www.sztigerwong.com\/fr\/wp-json\/wp\/v2\/product"}],"about":[{"href":"https:\/\/www.sztigerwong.com\/fr\/wp-json\/wp\/v2\/types\/product"}],"replies":[{"embeddable":true,"href":"https:\/\/www.sztigerwong.com\/fr\/wp-json\/wp\/v2\/comments?post=5328"}],"wp:featuredmedia":[{"embeddable":true,"href":"https:\/\/www.sztigerwong.com\/fr\/wp-json\/wp\/v2\/media\/5329"}],"wp:attachment":[{"href":"https:\/\/www.sztigerwong.com\/fr\/wp-json\/wp\/v2\/media?parent=5328"}],"wp:term":[{"taxonomy":"product_brand","embeddable":true,"href":"https:\/\/www.sztigerwong.com\/fr\/wp-json\/wp\/v2\/product_brand?post=5328"},{"taxonomy":"product_cat","embeddable":true,"href":"https:\/\/www.sztigerwong.com\/fr\/wp-json\/wp\/v2\/product_cat?post=5328"},{"taxonomy":"product_tag","embeddable":true,"href":"https:\/\/www.sztigerwong.com\/fr\/wp-json\/wp\/v2\/product_tag?post=5328"}],"curies":[{"name":"WP","href":"https:\/\/api.w.org\/{rel}","templated":true}]}}