{"id":5289,"date":"2025-11-05T15:24:52","date_gmt":"2025-11-05T07:24:52","guid":{"rendered":"https:\/\/www.sztigerwong.com\/?post_type=product&#038;p=5289"},"modified":"2025-11-05T15:28:01","modified_gmt":"2025-11-05T07:28:01","slug":"speed-turnstile-gate-tgw-sg011","status":"publish","type":"product","link":"https:\/\/www.sztigerwong.com\/fr\/product\/speed-turnstile-gate-tgw-sg011\/","title":{"rendered":"Notre taille standard de porte de vitesse est de 1500 mm (longueur) x 200 mm (largeur) x 1020 mm (hauteur) et p\u00e8se environ 80 kg. Taille personnalis\u00e9e peut \u00eatre fait sur demande."},"content":{"rendered":"","protected":false},"excerpt":{"rendered":"<p>TGW-SG005 applicable dans les zones fr\u00e9quent\u00e9es telles que les b\u00e2timents de bureaux, les parcs industriels et les a\u00e9roports.<\/p>","protected":false},"featured_media":5291,"comment_status":"closed","ping_status":"closed","template":"","meta":[],"product_brand":[],"product_cat":[52,19],"product_tag":[],"class_list":{"0":"post-5289","1":"product","2":"type-product","3":"status-publish","4":"has-post-thumbnail","6":"product_cat-spee-turnstile-gate","7":"product_cat-turnstile-gate","9":"first","10":"instock","11":"shipping-taxable","12":"product-type-simple"},"_links":{"self":[{"href":"https:\/\/www.sztigerwong.com\/fr\/wp-json\/wp\/v2\/product\/5289","targetHints":{"allow":["GET"]}}],"collection":[{"href":"https:\/\/www.sztigerwong.com\/fr\/wp-json\/wp\/v2\/product"}],"about":[{"href":"https:\/\/www.sztigerwong.com\/fr\/wp-json\/wp\/v2\/types\/product"}],"replies":[{"embeddable":true,"href":"https:\/\/www.sztigerwong.com\/fr\/wp-json\/wp\/v2\/comments?post=5289"}],"wp:featuredmedia":[{"embeddable":true,"href":"https:\/\/www.sztigerwong.com\/fr\/wp-json\/wp\/v2\/media\/5291"}],"wp:attachment":[{"href":"https:\/\/www.sztigerwong.com\/fr\/wp-json\/wp\/v2\/media?parent=5289"}],"wp:term":[{"taxonomy":"product_brand","embeddable":true,"href":"https:\/\/www.sztigerwong.com\/fr\/wp-json\/wp\/v2\/product_brand?post=5289"},{"taxonomy":"product_cat","embeddable":true,"href":"https:\/\/www.sztigerwong.com\/fr\/wp-json\/wp\/v2\/product_cat?post=5289"},{"taxonomy":"product_tag","embeddable":true,"href":"https:\/\/www.sztigerwong.com\/fr\/wp-json\/wp\/v2\/product_tag?post=5289"}],"curies":[{"name":"WP","href":"https:\/\/api.w.org\/{rel}","templated":true}]}}