{"id":5281,"date":"2025-11-05T14:02:53","date_gmt":"2025-11-05T06:02:53","guid":{"rendered":"https:\/\/www.sztigerwong.com\/?post_type=product&#038;p=5281"},"modified":"2025-11-05T14:45:06","modified_gmt":"2025-11-05T06:45:06","slug":"speed-turnstile-gate-tgw-sg011e","status":"publish","type":"product","link":"https:\/\/www.sztigerwong.com\/fr\/product\/speed-turnstile-gate-tgw-sg011e\/","title":{"rendered":"TGW-PT018 est utilis\u00e9 dans les b\u00e2timents de bureaux, et d'autres endroits n\u00e9cessitant un contr\u00f4le d'acc\u00e8s de haute s\u00e9curit\u00e9."},"content":{"rendered":"","protected":false},"excerpt":{"rendered":"<p>Porte tourniquet coulissante - TGW-PT018 - TigerWong<\/p>","protected":false},"featured_media":5283,"comment_status":"closed","ping_status":"closed","template":"","meta":[],"product_brand":[],"product_cat":[52,19],"product_tag":[],"class_list":{"0":"post-5281","1":"product","2":"type-product","3":"status-publish","4":"has-post-thumbnail","6":"product_cat-spee-turnstile-gate","7":"product_cat-turnstile-gate","9":"first","10":"instock","11":"shipping-taxable","12":"product-type-simple"},"_links":{"self":[{"href":"https:\/\/www.sztigerwong.com\/fr\/wp-json\/wp\/v2\/product\/5281","targetHints":{"allow":["GET"]}}],"collection":[{"href":"https:\/\/www.sztigerwong.com\/fr\/wp-json\/wp\/v2\/product"}],"about":[{"href":"https:\/\/www.sztigerwong.com\/fr\/wp-json\/wp\/v2\/types\/product"}],"replies":[{"embeddable":true,"href":"https:\/\/www.sztigerwong.com\/fr\/wp-json\/wp\/v2\/comments?post=5281"}],"wp:featuredmedia":[{"embeddable":true,"href":"https:\/\/www.sztigerwong.com\/fr\/wp-json\/wp\/v2\/media\/5283"}],"wp:attachment":[{"href":"https:\/\/www.sztigerwong.com\/fr\/wp-json\/wp\/v2\/media?parent=5281"}],"wp:term":[{"taxonomy":"product_brand","embeddable":true,"href":"https:\/\/www.sztigerwong.com\/fr\/wp-json\/wp\/v2\/product_brand?post=5281"},{"taxonomy":"product_cat","embeddable":true,"href":"https:\/\/www.sztigerwong.com\/fr\/wp-json\/wp\/v2\/product_cat?post=5281"},{"taxonomy":"product_tag","embeddable":true,"href":"https:\/\/www.sztigerwong.com\/fr\/wp-json\/wp\/v2\/product_tag?post=5281"}],"curies":[{"name":"WP","href":"https:\/\/api.w.org\/{rel}","templated":true}]}}