{"id":5228,"date":"2025-11-04T14:15:52","date_gmt":"2025-11-04T06:15:52","guid":{"rendered":"https:\/\/www.sztigerwong.com\/?post_type=product&#038;p=5228"},"modified":"2025-11-04T14:26:48","modified_gmt":"2025-11-04T06:26:48","slug":"half-height-turnstile-tgw-hh003","status":"publish","type":"product","link":"https:\/\/www.sztigerwong.com\/fr\/product\/half-height-turnstile-tgw-hh003\/","title":{"rendered":"9. La d\u00e9faillance de l'\u00e9quipement provoquera-t-elle une congestion \u00e0 l'entr\u00e9e?"},"content":{"rendered":"","protected":false},"excerpt":{"rendered":"<p>Nous avons con\u00e7u de multiples garanties. L'\u00e9quipement est robuste et durable. En cas de d\u00e9faillance, l'administrateur peut imm\u00e9diatement utiliser une t\u00e9l\u00e9commande ou des m\u00e9thodes manuelles pour forcer l'ouverture de la porte, guider le trafic et effectuer une maintenance ult\u00e9rieure pour minimiser l'impact sur le passage.<\/p>","protected":false},"featured_media":5231,"comment_status":"closed","ping_status":"closed","template":"","meta":[],"product_brand":[],"product_cat":[50,19],"product_tag":[],"class_list":{"0":"post-5228","1":"product","2":"type-product","3":"status-publish","4":"has-post-thumbnail","6":"product_cat-half-height-turnstile","7":"product_cat-turnstile-gate","9":"first","10":"instock","11":"shipping-taxable","12":"product-type-simple"},"_links":{"self":[{"href":"https:\/\/www.sztigerwong.com\/fr\/wp-json\/wp\/v2\/product\/5228","targetHints":{"allow":["GET"]}}],"collection":[{"href":"https:\/\/www.sztigerwong.com\/fr\/wp-json\/wp\/v2\/product"}],"about":[{"href":"https:\/\/www.sztigerwong.com\/fr\/wp-json\/wp\/v2\/types\/product"}],"replies":[{"embeddable":true,"href":"https:\/\/www.sztigerwong.com\/fr\/wp-json\/wp\/v2\/comments?post=5228"}],"wp:featuredmedia":[{"embeddable":true,"href":"https:\/\/www.sztigerwong.com\/fr\/wp-json\/wp\/v2\/media\/5231"}],"wp:attachment":[{"href":"https:\/\/www.sztigerwong.com\/fr\/wp-json\/wp\/v2\/media?parent=5228"}],"wp:term":[{"taxonomy":"product_brand","embeddable":true,"href":"https:\/\/www.sztigerwong.com\/fr\/wp-json\/wp\/v2\/product_brand?post=5228"},{"taxonomy":"product_cat","embeddable":true,"href":"https:\/\/www.sztigerwong.com\/fr\/wp-json\/wp\/v2\/product_cat?post=5228"},{"taxonomy":"product_tag","embeddable":true,"href":"https:\/\/www.sztigerwong.com\/fr\/wp-json\/wp\/v2\/product_tag?post=5228"}],"curies":[{"name":"WP","href":"https:\/\/api.w.org\/{rel}","templated":true}]}}