{"id":5220,"date":"2025-11-04T11:29:06","date_gmt":"2025-11-04T03:29:06","guid":{"rendered":"https:\/\/www.sztigerwong.com\/?post_type=product&#038;p=5220"},"modified":"2025-11-04T13:38:50","modified_gmt":"2025-11-04T05:38:50","slug":"ticket-parking-system-tiger-tp720e","status":"publish","type":"product","link":"https:\/\/www.sztigerwong.com\/fr\/product\/ticket-parking-system-tiger-tp720e\/","title":{"rendered":"7.Comment cette bo\u00eete conna\u00eet-elle mon heure de stationnement?"},"content":{"rendered":"","protected":false},"excerpt":{"rendered":"<p>Votre heure d'entr\u00e9e est enregistr\u00e9e dans l'arri\u00e8re-plan du syst\u00e8me au moment de la r\u00e9cup\u00e9ration du billet. Lors de la sortie, l'\u00e9quipement de sortie lit le code QR ou l'enregistre, et peut calculer la dur\u00e9e exacte du stationnement.<\/p>","protected":false},"featured_media":5221,"comment_status":"closed","ping_status":"closed","template":"","meta":[],"product_brand":[],"product_cat":[15,45],"product_tag":[],"class_list":{"0":"post-5220","1":"product","2":"type-product","3":"status-publish","4":"has-post-thumbnail","6":"product_cat-parking-management-system","7":"product_cat-ticket-parking-system","9":"first","10":"instock","11":"shipping-taxable","12":"product-type-simple"},"_links":{"self":[{"href":"https:\/\/www.sztigerwong.com\/fr\/wp-json\/wp\/v2\/product\/5220","targetHints":{"allow":["GET"]}}],"collection":[{"href":"https:\/\/www.sztigerwong.com\/fr\/wp-json\/wp\/v2\/product"}],"about":[{"href":"https:\/\/www.sztigerwong.com\/fr\/wp-json\/wp\/v2\/types\/product"}],"replies":[{"embeddable":true,"href":"https:\/\/www.sztigerwong.com\/fr\/wp-json\/wp\/v2\/comments?post=5220"}],"wp:featuredmedia":[{"embeddable":true,"href":"https:\/\/www.sztigerwong.com\/fr\/wp-json\/wp\/v2\/media\/5221"}],"wp:attachment":[{"href":"https:\/\/www.sztigerwong.com\/fr\/wp-json\/wp\/v2\/media?parent=5220"}],"wp:term":[{"taxonomy":"product_brand","embeddable":true,"href":"https:\/\/www.sztigerwong.com\/fr\/wp-json\/wp\/v2\/product_brand?post=5220"},{"taxonomy":"product_cat","embeddable":true,"href":"https:\/\/www.sztigerwong.com\/fr\/wp-json\/wp\/v2\/product_cat?post=5220"},{"taxonomy":"product_tag","embeddable":true,"href":"https:\/\/www.sztigerwong.com\/fr\/wp-json\/wp\/v2\/product_tag?post=5220"}],"curies":[{"name":"WP","href":"https:\/\/api.w.org\/{rel}","templated":true}]}}