{"id":5133,"date":"2025-10-29T10:29:50","date_gmt":"2025-10-29T02:29:50","guid":{"rendered":"https:\/\/www.sztigerwong.com\/?post_type=product&#038;p=5133"},"modified":"2025-10-29T10:41:30","modified_gmt":"2025-10-29T02:41:30","slug":"parking-guidance-system-tgw-5803","status":"publish","type":"product","link":"https:\/\/www.sztigerwong.com\/fr\/product\/parking-guidance-system-tgw-5803\/","title":{"rendered":"6. Cet \u00e9cran est-il difficile \u00e0 installer? Cela n\u00e9cessite-t-il un c\u00e2blage ?"},"content":{"rendered":"","protected":false},"excerpt":{"rendered":"<p>Nous offrons des options d'installation au plafond avec des agencements flexibles. L'installation n\u00e9cessite la connexion de c\u00e2bles d'alimentation et de donn\u00e9es, mais nous fournissons des instructions d'installation claires. Pour des besoins d\u2019installation sp\u00e9cifiques, nous vous recommandons d\u2019embaucher un \u00e9lectricien professionnel ou l\u2019une de nos \u00e9quipes d\u2019installation partenaires.<\/p>","protected":false},"featured_media":5126,"comment_status":"closed","ping_status":"closed","template":"","meta":[],"product_brand":[],"product_cat":[42,15],"product_tag":[],"class_list":{"0":"post-5133","1":"product","2":"type-product","3":"status-publish","4":"has-post-thumbnail","6":"product_cat-parking-guidance-system","7":"product_cat-parking-management-system","9":"first","10":"instock","11":"shipping-taxable","12":"product-type-simple"},"_links":{"self":[{"href":"https:\/\/www.sztigerwong.com\/fr\/wp-json\/wp\/v2\/product\/5133","targetHints":{"allow":["GET"]}}],"collection":[{"href":"https:\/\/www.sztigerwong.com\/fr\/wp-json\/wp\/v2\/product"}],"about":[{"href":"https:\/\/www.sztigerwong.com\/fr\/wp-json\/wp\/v2\/types\/product"}],"replies":[{"embeddable":true,"href":"https:\/\/www.sztigerwong.com\/fr\/wp-json\/wp\/v2\/comments?post=5133"}],"wp:featuredmedia":[{"embeddable":true,"href":"https:\/\/www.sztigerwong.com\/fr\/wp-json\/wp\/v2\/media\/5126"}],"wp:attachment":[{"href":"https:\/\/www.sztigerwong.com\/fr\/wp-json\/wp\/v2\/media?parent=5133"}],"wp:term":[{"taxonomy":"product_brand","embeddable":true,"href":"https:\/\/www.sztigerwong.com\/fr\/wp-json\/wp\/v2\/product_brand?post=5133"},{"taxonomy":"product_cat","embeddable":true,"href":"https:\/\/www.sztigerwong.com\/fr\/wp-json\/wp\/v2\/product_cat?post=5133"},{"taxonomy":"product_tag","embeddable":true,"href":"https:\/\/www.sztigerwong.com\/fr\/wp-json\/wp\/v2\/product_tag?post=5133"}],"curies":[{"name":"WP","href":"https:\/\/api.w.org\/{rel}","templated":true}]}}