{"id":5116,"date":"2025-10-29T09:42:58","date_gmt":"2025-10-29T01:42:58","guid":{"rendered":"https:\/\/www.sztigerwong.com\/?post_type=product&#038;p=5116"},"modified":"2025-10-29T10:06:26","modified_gmt":"2025-10-29T02:06:26","slug":"parking-guidance-system-tgw03-e","status":"publish","type":"product","link":"https:\/\/www.sztigerwong.com\/fr\/product\/parking-guidance-system-tgw03-e\/","title":{"rendered":"Une conception structurale rationnelle et des composants normalis\u00e9s r\u00e9duisent consid\u00e9rablement la difficult\u00e9 et le temps d'installation, \u00e9conomisant efficacement les co\u00fbts d'installation."},"content":{"rendered":"","protected":false},"excerpt":{"rendered":"<p>Les prix abordables r\u00e9duisent consid\u00e9rablement les co\u00fbts d'achat et d'exploitation tout en garantissant les fonctionnalit\u00e9s de base, ce qui se traduit par un rapport co\u00fbt-performance extr\u00eamement \u00e9lev\u00e9.<\/p>","protected":false},"featured_media":5120,"comment_status":"closed","ping_status":"closed","template":"","meta":[],"product_brand":[],"product_cat":[42,15],"product_tag":[],"class_list":{"0":"post-5116","1":"product","2":"type-product","3":"status-publish","4":"has-post-thumbnail","6":"product_cat-parking-guidance-system","7":"product_cat-parking-management-system","9":"first","10":"instock","11":"shipping-taxable","12":"product-type-simple"},"_links":{"self":[{"href":"https:\/\/www.sztigerwong.com\/fr\/wp-json\/wp\/v2\/product\/5116","targetHints":{"allow":["GET"]}}],"collection":[{"href":"https:\/\/www.sztigerwong.com\/fr\/wp-json\/wp\/v2\/product"}],"about":[{"href":"https:\/\/www.sztigerwong.com\/fr\/wp-json\/wp\/v2\/types\/product"}],"replies":[{"embeddable":true,"href":"https:\/\/www.sztigerwong.com\/fr\/wp-json\/wp\/v2\/comments?post=5116"}],"wp:featuredmedia":[{"embeddable":true,"href":"https:\/\/www.sztigerwong.com\/fr\/wp-json\/wp\/v2\/media\/5120"}],"wp:attachment":[{"href":"https:\/\/www.sztigerwong.com\/fr\/wp-json\/wp\/v2\/media?parent=5116"}],"wp:term":[{"taxonomy":"product_brand","embeddable":true,"href":"https:\/\/www.sztigerwong.com\/fr\/wp-json\/wp\/v2\/product_brand?post=5116"},{"taxonomy":"product_cat","embeddable":true,"href":"https:\/\/www.sztigerwong.com\/fr\/wp-json\/wp\/v2\/product_cat?post=5116"},{"taxonomy":"product_tag","embeddable":true,"href":"https:\/\/www.sztigerwong.com\/fr\/wp-json\/wp\/v2\/product_tag?post=5116"}],"curies":[{"name":"WP","href":"https:\/\/api.w.org\/{rel}","templated":true}]}}