{"id":5105,"date":"2025-10-28T17:03:34","date_gmt":"2025-10-28T09:03:34","guid":{"rendered":"https:\/\/www.sztigerwong.com\/?post_type=product&#038;p=5105"},"modified":"2025-10-28T17:12:51","modified_gmt":"2025-10-28T09:12:51","slug":"barrier-boom-park-301a","status":"publish","type":"product","link":"https:\/\/www.sztigerwong.com\/fr\/product\/barrier-boom-park-301a\/","title":{"rendered":"9. La barri\u00e8re est-elle bruyante?"},"content":{"rendered":"","protected":false},"excerpt":{"rendered":"<p>Pas du tout. Nous utilisons un groupe moteur m\u00e9catronique optimis\u00e9, assurant un fonctionnement en douceur et un faible niveau de bruit, m\u00eame la nuit, sans perturber l'environnement environnant.<\/p>","protected":false},"featured_media":5106,"comment_status":"closed","ping_status":"closed","template":"","meta":[],"product_brand":[],"product_cat":[41,15],"product_tag":[],"class_list":{"0":"post-5105","1":"product","2":"type-product","3":"status-publish","4":"has-post-thumbnail","6":"product_cat-barrier-boom","7":"product_cat-parking-management-system","9":"first","10":"instock","11":"shipping-taxable","12":"product-type-simple"},"_links":{"self":[{"href":"https:\/\/www.sztigerwong.com\/fr\/wp-json\/wp\/v2\/product\/5105","targetHints":{"allow":["GET"]}}],"collection":[{"href":"https:\/\/www.sztigerwong.com\/fr\/wp-json\/wp\/v2\/product"}],"about":[{"href":"https:\/\/www.sztigerwong.com\/fr\/wp-json\/wp\/v2\/types\/product"}],"replies":[{"embeddable":true,"href":"https:\/\/www.sztigerwong.com\/fr\/wp-json\/wp\/v2\/comments?post=5105"}],"wp:featuredmedia":[{"embeddable":true,"href":"https:\/\/www.sztigerwong.com\/fr\/wp-json\/wp\/v2\/media\/5106"}],"wp:attachment":[{"href":"https:\/\/www.sztigerwong.com\/fr\/wp-json\/wp\/v2\/media?parent=5105"}],"wp:term":[{"taxonomy":"product_brand","embeddable":true,"href":"https:\/\/www.sztigerwong.com\/fr\/wp-json\/wp\/v2\/product_brand?post=5105"},{"taxonomy":"product_cat","embeddable":true,"href":"https:\/\/www.sztigerwong.com\/fr\/wp-json\/wp\/v2\/product_cat?post=5105"},{"taxonomy":"product_tag","embeddable":true,"href":"https:\/\/www.sztigerwong.com\/fr\/wp-json\/wp\/v2\/product_tag?post=5105"}],"curies":[{"name":"WP","href":"https:\/\/api.w.org\/{rel}","templated":true}]}}