{"id":4783,"date":"2025-10-10T11:36:24","date_gmt":"2025-10-10T03:36:24","guid":{"rendered":"https:\/\/www.sztigerwong.com\/?post_type=product&#038;p=4783"},"modified":"2026-05-07T11:51:25","modified_gmt":"2026-05-07T03:51:25","slug":"wing-wings-turnstile-gate-tgw-wt004","status":"publish","type":"product","link":"https:\/\/www.sztigerwong.com\/fr\/product\/wing-wings-turnstile-gate-tgw-wt004\/","title":{"rendered":"Oui, cette porte \u00e0 rabat peut supporter un acc\u00e8s unidirectionnel ou bidirectionnel."},"content":{"rendered":"","protected":false},"excerpt":{"rendered":"<p>7. La porte \u00e0 rabat peut-elle se connecter \u00e0 mon syst\u00e8me de contr\u00f4le d'acc\u00e8s existant?<\/p>","protected":false},"featured_media":4784,"template":"","meta":[],"product_brand":[],"product_cat":[48,19],"product_tag":[],"class_list":{"0":"post-4783","1":"product","2":"type-product","3":"status-publish","4":"has-post-thumbnail","6":"product_cat-flap-wings-turnstile-gate","7":"product_cat-turnstile-gate","9":"first","10":"instock","11":"shipping-taxable","12":"product-type-simple"},"_links":{"self":[{"href":"https:\/\/www.sztigerwong.com\/fr\/wp-json\/wp\/v2\/product\/4783","targetHints":{"allow":["GET"]}}],"collection":[{"href":"https:\/\/www.sztigerwong.com\/fr\/wp-json\/wp\/v2\/product"}],"about":[{"href":"https:\/\/www.sztigerwong.com\/fr\/wp-json\/wp\/v2\/types\/product"}],"wp:featuredmedia":[{"embeddable":true,"href":"https:\/\/www.sztigerwong.com\/fr\/wp-json\/wp\/v2\/media\/4784"}],"wp:attachment":[{"href":"https:\/\/www.sztigerwong.com\/fr\/wp-json\/wp\/v2\/media?parent=4783"}],"wp:term":[{"taxonomy":"product_brand","embeddable":true,"href":"https:\/\/www.sztigerwong.com\/fr\/wp-json\/wp\/v2\/product_brand?post=4783"},{"taxonomy":"product_cat","embeddable":true,"href":"https:\/\/www.sztigerwong.com\/fr\/wp-json\/wp\/v2\/product_cat?post=4783"},{"taxonomy":"product_tag","embeddable":true,"href":"https:\/\/www.sztigerwong.com\/fr\/wp-json\/wp\/v2\/product_tag?post=4783"}],"curies":[{"name":"WP","href":"https:\/\/api.w.org\/{rel}","templated":true}]}}