{"id":4776,"date":"2025-10-10T11:06:16","date_gmt":"2025-10-10T03:06:16","guid":{"rendered":"https:\/\/www.sztigerwong.com\/?post_type=product&#038;p=4776"},"modified":"2025-10-10T11:14:23","modified_gmt":"2025-10-10T03:14:23","slug":"wing-wings-turnstile-gate-tgw-wt003","status":"publish","type":"product","link":"https:\/\/www.sztigerwong.com\/fr\/product\/wing-wings-turnstile-gate-tgw-wt003\/","title":{"rendered":"10 Comment maintenir le tourniquet ?"},"content":{"rendered":"","protected":false},"excerpt":{"rendered":"<p>Il est recommand\u00e9 de v\u00e9rifier r\u00e9guli\u00e8rement l'\u00e9tanch\u00e9it\u00e9 des vis et de lubrifier les pi\u00e8ces rotatives.<\/p>","protected":false},"featured_media":4777,"comment_status":"closed","ping_status":"closed","template":"","meta":[],"product_brand":[],"product_cat":[48,19],"product_tag":[],"class_list":{"0":"post-4776","1":"product","2":"type-product","3":"status-publish","4":"has-post-thumbnail","6":"product_cat-flap-wings-turnstile-gate","7":"product_cat-turnstile-gate","9":"first","10":"instock","11":"shipping-taxable","12":"product-type-simple"},"_links":{"self":[{"href":"https:\/\/www.sztigerwong.com\/fr\/wp-json\/wp\/v2\/product\/4776","targetHints":{"allow":["GET"]}}],"collection":[{"href":"https:\/\/www.sztigerwong.com\/fr\/wp-json\/wp\/v2\/product"}],"about":[{"href":"https:\/\/www.sztigerwong.com\/fr\/wp-json\/wp\/v2\/types\/product"}],"replies":[{"embeddable":true,"href":"https:\/\/www.sztigerwong.com\/fr\/wp-json\/wp\/v2\/comments?post=4776"}],"wp:featuredmedia":[{"embeddable":true,"href":"https:\/\/www.sztigerwong.com\/fr\/wp-json\/wp\/v2\/media\/4777"}],"wp:attachment":[{"href":"https:\/\/www.sztigerwong.com\/fr\/wp-json\/wp\/v2\/media?parent=4776"}],"wp:term":[{"taxonomy":"product_brand","embeddable":true,"href":"https:\/\/www.sztigerwong.com\/fr\/wp-json\/wp\/v2\/product_brand?post=4776"},{"taxonomy":"product_cat","embeddable":true,"href":"https:\/\/www.sztigerwong.com\/fr\/wp-json\/wp\/v2\/product_cat?post=4776"},{"taxonomy":"product_tag","embeddable":true,"href":"https:\/\/www.sztigerwong.com\/fr\/wp-json\/wp\/v2\/product_tag?post=4776"}],"curies":[{"name":"WP","href":"https:\/\/api.w.org\/{rel}","templated":true}]}}