{"id":4736,"date":"2025-10-09T11:25:08","date_gmt":"2025-10-09T03:25:08","guid":{"rendered":"https:\/\/www.sztigerwong.com\/?post_type=product&#038;p=4736"},"modified":"2025-10-09T14:22:13","modified_gmt":"2025-10-09T06:22:13","slug":"swing-turnstile-gate-tgw-st003f","status":"publish","type":"product","link":"https:\/\/www.sztigerwong.com\/fr\/product\/swing-turnstile-gate-tgw-st003f\/","title":{"rendered":"Porte basculante simple avec balayage de carte et autres syst\u00e8mes de contr\u00f4le d'acc\u00e8s pour les d\u00e9panneurs, les centres commerciaux."},"content":{"rendered":"","protected":false},"excerpt":{"rendered":"<p>Porte Swing-TGW-ST003E - TigerWong<\/p>","protected":false},"featured_media":4737,"comment_status":"closed","ping_status":"closed","template":"","meta":[],"product_brand":[],"product_cat":[53,19],"product_tag":[],"class_list":{"0":"post-4736","1":"product","2":"type-product","3":"status-publish","4":"has-post-thumbnail","6":"product_cat-swing-turnstile-gate","7":"product_cat-turnstile-gate","9":"first","10":"instock","11":"shipping-taxable","12":"product-type-simple"},"_links":{"self":[{"href":"https:\/\/www.sztigerwong.com\/fr\/wp-json\/wp\/v2\/product\/4736","targetHints":{"allow":["GET"]}}],"collection":[{"href":"https:\/\/www.sztigerwong.com\/fr\/wp-json\/wp\/v2\/product"}],"about":[{"href":"https:\/\/www.sztigerwong.com\/fr\/wp-json\/wp\/v2\/types\/product"}],"replies":[{"embeddable":true,"href":"https:\/\/www.sztigerwong.com\/fr\/wp-json\/wp\/v2\/comments?post=4736"}],"wp:featuredmedia":[{"embeddable":true,"href":"https:\/\/www.sztigerwong.com\/fr\/wp-json\/wp\/v2\/media\/4737"}],"wp:attachment":[{"href":"https:\/\/www.sztigerwong.com\/fr\/wp-json\/wp\/v2\/media?parent=4736"}],"wp:term":[{"taxonomy":"product_brand","embeddable":true,"href":"https:\/\/www.sztigerwong.com\/fr\/wp-json\/wp\/v2\/product_brand?post=4736"},{"taxonomy":"product_cat","embeddable":true,"href":"https:\/\/www.sztigerwong.com\/fr\/wp-json\/wp\/v2\/product_cat?post=4736"},{"taxonomy":"product_tag","embeddable":true,"href":"https:\/\/www.sztigerwong.com\/fr\/wp-json\/wp\/v2\/product_tag?post=4736"}],"curies":[{"name":"WP","href":"https:\/\/api.w.org\/{rel}","templated":true}]}}