{"id":4572,"date":"2025-09-17T16:20:09","date_gmt":"2025-09-17T08:20:09","guid":{"rendered":"https:\/\/www.sztigerwong.com\/?post_type=product&#038;p=4572"},"modified":"2025-09-28T09:32:05","modified_gmt":"2025-09-28T01:32:05","slug":"swing-turnstile-gate-tgw-hs-lst018","status":"publish","type":"product","link":"https:\/\/www.sztigerwong.com\/fr\/product\/swing-turnstile-gate-tgw-hs-lst018\/","title":{"rendered":"Porte de tourniquet de balan\u00e7age &#8211; TGW-HS-LST018"},"content":{"rendered":"","protected":false},"excerpt":{"rendered":"<p>TGW-HC-LST018 est un dispositif de contr\u00f4le d'acc\u00e8s con\u00e7u pour les lieux modernes \u00e0 haut trafic. Il adopte un design bascul\u00e9 rationalis\u00e9 et un corps ultra-mince, alliant beaut\u00e9 et praticit\u00e9. Il convient pour les b\u00e2timents de bureaux, les stations de m\u00e9tro, les a\u00e9roports, les salles de gymnase et d'autres endroits qui n\u00e9cessitent un acc\u00e8s efficace et une s\u00e9curit\u00e9 stricte, et peut r\u00e9aliser une exp\u00e9rience d'acc\u00e8s rapide et fluide dans un espace limit\u00e9.<\/p>","protected":false},"featured_media":4576,"comment_status":"closed","ping_status":"closed","template":"","meta":[],"product_brand":[],"product_cat":[53,19],"product_tag":[],"class_list":{"0":"post-4572","1":"product","2":"type-product","3":"status-publish","4":"has-post-thumbnail","6":"product_cat-swing-turnstile-gate","7":"product_cat-turnstile-gate","9":"first","10":"instock","11":"shipping-taxable","12":"product-type-simple"},"_links":{"self":[{"href":"https:\/\/www.sztigerwong.com\/fr\/wp-json\/wp\/v2\/product\/4572","targetHints":{"allow":["GET"]}}],"collection":[{"href":"https:\/\/www.sztigerwong.com\/fr\/wp-json\/wp\/v2\/product"}],"about":[{"href":"https:\/\/www.sztigerwong.com\/fr\/wp-json\/wp\/v2\/types\/product"}],"replies":[{"embeddable":true,"href":"https:\/\/www.sztigerwong.com\/fr\/wp-json\/wp\/v2\/comments?post=4572"}],"wp:featuredmedia":[{"embeddable":true,"href":"https:\/\/www.sztigerwong.com\/fr\/wp-json\/wp\/v2\/media\/4576"}],"wp:attachment":[{"href":"https:\/\/www.sztigerwong.com\/fr\/wp-json\/wp\/v2\/media?parent=4572"}],"wp:term":[{"taxonomy":"product_brand","embeddable":true,"href":"https:\/\/www.sztigerwong.com\/fr\/wp-json\/wp\/v2\/product_brand?post=4572"},{"taxonomy":"product_cat","embeddable":true,"href":"https:\/\/www.sztigerwong.com\/fr\/wp-json\/wp\/v2\/product_cat?post=4572"},{"taxonomy":"product_tag","embeddable":true,"href":"https:\/\/www.sztigerwong.com\/fr\/wp-json\/wp\/v2\/product_tag?post=4572"}],"curies":[{"name":"WP","href":"https:\/\/api.w.org\/{rel}","templated":true}]}}