{"id":4353,"date":"2025-08-26T09:33:22","date_gmt":"2025-08-26T01:33:22","guid":{"rendered":"https:\/\/www.sztigerwong.com\/?post_type=product&#038;p=4353"},"modified":"2025-08-26T10:32:02","modified_gmt":"2025-08-26T02:32:02","slug":"swing-turnstile-gate-tgw-lst001","status":"publish","type":"product","link":"https:\/\/www.sztigerwong.com\/fr\/product\/swing-turnstile-gate-tgw-lst001\/","title":{"rendered":"La structure rotative \u00e0 trois rouleaux assure l'isolement physique et la surveillance en temps r\u00e9el avec des capteurs infrarouges pour \u00e9viter l'entr\u00e9e forc\u00e9e ou la queue."},"content":{"rendered":"","protected":false},"excerpt":{"rendered":"<p>TGW-LST001 adopte une conception enti\u00e8rement ferm\u00e9e int\u00e9gr\u00e9e, avec des lignes simples et lisses et des mat\u00e9riaux durables, pour cr\u00e9er un dispositif de gestion de canal moderne. Il convient aux endroits \u00e0 haut trafic tels que les b\u00e2timents de bureaux, les parcs, les stations de m\u00e9tro et les lieux, offrant des solutions de trafic efficaces, s\u00fbres et belles.<\/p>","protected":false},"featured_media":4354,"comment_status":"closed","ping_status":"closed","template":"","meta":[],"product_brand":[],"product_cat":[53,19],"product_tag":[],"class_list":{"0":"post-4353","1":"product","2":"type-product","3":"status-publish","4":"has-post-thumbnail","6":"product_cat-swing-turnstile-gate","7":"product_cat-turnstile-gate","9":"first","10":"instock","11":"shipping-taxable","12":"product-type-simple"},"_links":{"self":[{"href":"https:\/\/www.sztigerwong.com\/fr\/wp-json\/wp\/v2\/product\/4353","targetHints":{"allow":["GET"]}}],"collection":[{"href":"https:\/\/www.sztigerwong.com\/fr\/wp-json\/wp\/v2\/product"}],"about":[{"href":"https:\/\/www.sztigerwong.com\/fr\/wp-json\/wp\/v2\/types\/product"}],"replies":[{"embeddable":true,"href":"https:\/\/www.sztigerwong.com\/fr\/wp-json\/wp\/v2\/comments?post=4353"}],"wp:featuredmedia":[{"embeddable":true,"href":"https:\/\/www.sztigerwong.com\/fr\/wp-json\/wp\/v2\/media\/4354"}],"wp:attachment":[{"href":"https:\/\/www.sztigerwong.com\/fr\/wp-json\/wp\/v2\/media?parent=4353"}],"wp:term":[{"taxonomy":"product_brand","embeddable":true,"href":"https:\/\/www.sztigerwong.com\/fr\/wp-json\/wp\/v2\/product_brand?post=4353"},{"taxonomy":"product_cat","embeddable":true,"href":"https:\/\/www.sztigerwong.com\/fr\/wp-json\/wp\/v2\/product_cat?post=4353"},{"taxonomy":"product_tag","embeddable":true,"href":"https:\/\/www.sztigerwong.com\/fr\/wp-json\/wp\/v2\/product_tag?post=4353"}],"curies":[{"name":"WP","href":"https:\/\/api.w.org\/{rel}","templated":true}]}}