{"id":4330,"date":"2025-08-18T15:34:25","date_gmt":"2025-08-18T07:34:25","guid":{"rendered":"https:\/\/www.sztigerwong.com\/?post_type=product&#038;p=4330"},"modified":"2025-08-18T16:40:17","modified_gmt":"2025-08-18T08:40:17","slug":"tripod-turnstile-gate-tgw-tt034","status":"publish","type":"product","link":"https:\/\/www.sztigerwong.com\/fr\/product\/tripod-turnstile-gate-tgw-tt034\/","title":{"rendered":"Porte de tourniquet de tr\u00e9pied &#8211; TGW-TT034"},"content":{"rendered":"","protected":false},"excerpt":{"rendered":"<p>TGW-TT034 est un dispositif de gestion de canal rentable con\u00e7u pour les sc\u00e9narios de billetterie de gamme moyenne \u00e0 haute. Il int\u00e8gre une technologie de pointe et un design humanis\u00e9 pour fournir une exp\u00e9rience efficace, s\u00fbre et \u00e9l\u00e9gante de v\u00e9rification des billets pour des endroits pittoresques, des th\u00e9\u00e2tres, des stades et d'autres endroits.<\/p>","protected":false},"featured_media":4336,"comment_status":"closed","ping_status":"closed","template":"","meta":[],"product_brand":[],"product_cat":[54,19],"product_tag":[],"class_list":{"0":"post-4330","1":"product","2":"type-product","3":"status-publish","4":"has-post-thumbnail","6":"product_cat-tripod-turnstile-gate","7":"product_cat-turnstile-gate","9":"first","10":"instock","11":"shipping-taxable","12":"product-type-simple"},"_links":{"self":[{"href":"https:\/\/www.sztigerwong.com\/fr\/wp-json\/wp\/v2\/product\/4330","targetHints":{"allow":["GET"]}}],"collection":[{"href":"https:\/\/www.sztigerwong.com\/fr\/wp-json\/wp\/v2\/product"}],"about":[{"href":"https:\/\/www.sztigerwong.com\/fr\/wp-json\/wp\/v2\/types\/product"}],"replies":[{"embeddable":true,"href":"https:\/\/www.sztigerwong.com\/fr\/wp-json\/wp\/v2\/comments?post=4330"}],"wp:featuredmedia":[{"embeddable":true,"href":"https:\/\/www.sztigerwong.com\/fr\/wp-json\/wp\/v2\/media\/4336"}],"wp:attachment":[{"href":"https:\/\/www.sztigerwong.com\/fr\/wp-json\/wp\/v2\/media?parent=4330"}],"wp:term":[{"taxonomy":"product_brand","embeddable":true,"href":"https:\/\/www.sztigerwong.com\/fr\/wp-json\/wp\/v2\/product_brand?post=4330"},{"taxonomy":"product_cat","embeddable":true,"href":"https:\/\/www.sztigerwong.com\/fr\/wp-json\/wp\/v2\/product_cat?post=4330"},{"taxonomy":"product_tag","embeddable":true,"href":"https:\/\/www.sztigerwong.com\/fr\/wp-json\/wp\/v2\/product_tag?post=4330"}],"curies":[{"name":"WP","href":"https:\/\/api.w.org\/{rel}","templated":true}]}}