{"id":4303,"date":"2025-08-16T15:43:05","date_gmt":"2025-08-16T07:43:05","guid":{"rendered":"https:\/\/www.sztigerwong.com\/?post_type=product&#038;p=4303"},"modified":"2025-08-16T15:53:34","modified_gmt":"2025-08-16T07:53:34","slug":"tripod-turnstile-gate-tgw-tt031","status":"publish","type":"product","link":"https:\/\/www.sztigerwong.com\/fr\/product\/tripod-turnstile-gate-tgw-tt031\/","title":{"rendered":"Porte de tourniquet de tr\u00e9pied &#8211; TGW-TT031"},"content":{"rendered":"","protected":false},"excerpt":{"rendered":"<p>Le TGW-TT031 est un dispositif de gestion de canal de haute fiabilit\u00e9 con\u00e7u pour les syst\u00e8mes de billetterie. Il est largement utilis\u00e9 dans les endroits qui n\u00e9cessitent un contr\u00f4le efficace des billets, tels que les m\u00e9tros, les endroits pittoresques, les gares et les stades. Sa structure m\u00e9canique robuste et durable, ses capacit\u00e9s de reconnaissance pr\u00e9cise des billets et son exp\u00e9rience de passage en douceur en font un choix id\u00e9al pour la gestion traditionnelle des billets.<\/p>","protected":false},"featured_media":4304,"comment_status":"closed","ping_status":"closed","template":"","meta":[],"product_brand":[],"product_cat":[54,19],"product_tag":[],"class_list":{"0":"post-4303","1":"product","2":"type-product","3":"status-publish","4":"has-post-thumbnail","6":"product_cat-tripod-turnstile-gate","7":"product_cat-turnstile-gate","9":"first","10":"instock","11":"shipping-taxable","12":"product-type-simple"},"_links":{"self":[{"href":"https:\/\/www.sztigerwong.com\/fr\/wp-json\/wp\/v2\/product\/4303","targetHints":{"allow":["GET"]}}],"collection":[{"href":"https:\/\/www.sztigerwong.com\/fr\/wp-json\/wp\/v2\/product"}],"about":[{"href":"https:\/\/www.sztigerwong.com\/fr\/wp-json\/wp\/v2\/types\/product"}],"replies":[{"embeddable":true,"href":"https:\/\/www.sztigerwong.com\/fr\/wp-json\/wp\/v2\/comments?post=4303"}],"wp:featuredmedia":[{"embeddable":true,"href":"https:\/\/www.sztigerwong.com\/fr\/wp-json\/wp\/v2\/media\/4304"}],"wp:attachment":[{"href":"https:\/\/www.sztigerwong.com\/fr\/wp-json\/wp\/v2\/media?parent=4303"}],"wp:term":[{"taxonomy":"product_brand","embeddable":true,"href":"https:\/\/www.sztigerwong.com\/fr\/wp-json\/wp\/v2\/product_brand?post=4303"},{"taxonomy":"product_cat","embeddable":true,"href":"https:\/\/www.sztigerwong.com\/fr\/wp-json\/wp\/v2\/product_cat?post=4303"},{"taxonomy":"product_tag","embeddable":true,"href":"https:\/\/www.sztigerwong.com\/fr\/wp-json\/wp\/v2\/product_tag?post=4303"}],"curies":[{"name":"WP","href":"https:\/\/api.w.org\/{rel}","templated":true}]}}