{"id":4287,"date":"2025-08-16T10:27:32","date_gmt":"2025-08-16T02:27:32","guid":{"rendered":"https:\/\/www.sztigerwong.com\/?post_type=product&#038;p=4287"},"modified":"2025-08-16T11:00:00","modified_gmt":"2025-08-16T03:00:00","slug":"tripod-turnstile-gate-tgw-tt028","status":"publish","type":"product","link":"https:\/\/www.sztigerwong.com\/fr\/product\/tripod-turnstile-gate-tgw-tt028\/","title":{"rendered":"Porte de tourniquet de tr\u00e9pied &#8211; TGW-TT028"},"content":{"rendered":"","protected":false},"excerpt":{"rendered":"<p>TGW-TT028 est un dispositif de s\u00e9curit\u00e9 intelligent d\u00e9di\u00e9 \u00e0 la gestion du canal du personnel. Il adopte des mat\u00e9riaux \u00e0 haute r\u00e9sistance et la conception de structure m\u00e9canique de pr\u00e9cision. Il convient aux m\u00e9tros, aux lieux pittoresques, aux stades, aux usines, aux campus et \u00e0 d'autres endroits qui n\u00e9cessitent un contr\u00f4le de la circulation \u00e0 haute fr\u00e9quence et \u00e0 haute s\u00e9curit\u00e9. Sa conception en forme d'arc est \u00e0 la fois belle et pratique, qui peut guider efficacement le flux des personnes et r\u00e9aliser un passage contr\u00f4l\u00e9 unidirectionnel ou bidirectionnel.<\/p>\n<p>&nbsp;<\/p>","protected":false},"featured_media":4288,"comment_status":"closed","ping_status":"closed","template":"","meta":[],"product_brand":[],"product_cat":[54,19],"product_tag":[],"class_list":{"0":"post-4287","1":"product","2":"type-product","3":"status-publish","4":"has-post-thumbnail","6":"product_cat-tripod-turnstile-gate","7":"product_cat-turnstile-gate","9":"first","10":"instock","11":"shipping-taxable","12":"product-type-simple"},"_links":{"self":[{"href":"https:\/\/www.sztigerwong.com\/fr\/wp-json\/wp\/v2\/product\/4287","targetHints":{"allow":["GET"]}}],"collection":[{"href":"https:\/\/www.sztigerwong.com\/fr\/wp-json\/wp\/v2\/product"}],"about":[{"href":"https:\/\/www.sztigerwong.com\/fr\/wp-json\/wp\/v2\/types\/product"}],"replies":[{"embeddable":true,"href":"https:\/\/www.sztigerwong.com\/fr\/wp-json\/wp\/v2\/comments?post=4287"}],"wp:featuredmedia":[{"embeddable":true,"href":"https:\/\/www.sztigerwong.com\/fr\/wp-json\/wp\/v2\/media\/4288"}],"wp:attachment":[{"href":"https:\/\/www.sztigerwong.com\/fr\/wp-json\/wp\/v2\/media?parent=4287"}],"wp:term":[{"taxonomy":"product_brand","embeddable":true,"href":"https:\/\/www.sztigerwong.com\/fr\/wp-json\/wp\/v2\/product_brand?post=4287"},{"taxonomy":"product_cat","embeddable":true,"href":"https:\/\/www.sztigerwong.com\/fr\/wp-json\/wp\/v2\/product_cat?post=4287"},{"taxonomy":"product_tag","embeddable":true,"href":"https:\/\/www.sztigerwong.com\/fr\/wp-json\/wp\/v2\/product_tag?post=4287"}],"curies":[{"name":"WP","href":"https:\/\/api.w.org\/{rel}","templated":true}]}}