{"id":4095,"date":"2025-07-29T16:55:57","date_gmt":"2025-07-29T08:55:57","guid":{"rendered":"https:\/\/www.sztigerwong.com\/?post_type=product&#038;p=4095"},"modified":"2025-07-29T17:05:48","modified_gmt":"2025-07-29T09:05:48","slug":"tripod-turnstile-gate-tgw-tt002-2-2-2-2-2-2-2-2-2-2","status":"publish","type":"product","link":"https:\/\/www.sztigerwong.com\/fr\/product\/tripod-turnstile-gate-tgw-tt002-2-2-2-2-2-2-2-2-2-2\/","title":{"rendered":"TGW-TBTX est un terminal de sortie de stationnement intelligent et personnalisable con\u00e7u pour r\u00e9pondre aux besoins divers des utilisateurs. Il prend en charge des fonctions telles que la lecture automatique de cartes et de codes QR, les invites vocales, l'affichage LED et l'alarme d'urgence. Avec une conception conviviale et modulaire, il assure une installation facile et une maintenance r\u00e9duite. TGW-TBTX s\u2019int\u00e8gre parfaitement \u00e0 la reconnaissance des plaques d\u2019immatriculation, aux barri\u00e8res et aux machines de paiement de TGW, offrant une solution compl\u00e8te et efficace de gestion du stationnement."},"content":{"rendered":"","protected":false},"excerpt":{"rendered":"<p>Syst\u00e8me de stationnement pour billets - TGW-TBTX - TigerWong<\/p>\n<p>&nbsp;<\/p>","protected":false},"featured_media":4096,"comment_status":"closed","ping_status":"closed","template":"","meta":[],"product_brand":[],"product_cat":[54,19],"product_tag":[],"class_list":{"0":"post-4095","1":"product","2":"type-product","3":"status-publish","4":"has-post-thumbnail","6":"product_cat-tripod-turnstile-gate","7":"product_cat-turnstile-gate","9":"first","10":"instock","11":"shipping-taxable","12":"product-type-simple"},"_links":{"self":[{"href":"https:\/\/www.sztigerwong.com\/fr\/wp-json\/wp\/v2\/product\/4095","targetHints":{"allow":["GET"]}}],"collection":[{"href":"https:\/\/www.sztigerwong.com\/fr\/wp-json\/wp\/v2\/product"}],"about":[{"href":"https:\/\/www.sztigerwong.com\/fr\/wp-json\/wp\/v2\/types\/product"}],"replies":[{"embeddable":true,"href":"https:\/\/www.sztigerwong.com\/fr\/wp-json\/wp\/v2\/comments?post=4095"}],"wp:featuredmedia":[{"embeddable":true,"href":"https:\/\/www.sztigerwong.com\/fr\/wp-json\/wp\/v2\/media\/4096"}],"wp:attachment":[{"href":"https:\/\/www.sztigerwong.com\/fr\/wp-json\/wp\/v2\/media?parent=4095"}],"wp:term":[{"taxonomy":"product_brand","embeddable":true,"href":"https:\/\/www.sztigerwong.com\/fr\/wp-json\/wp\/v2\/product_brand?post=4095"},{"taxonomy":"product_cat","embeddable":true,"href":"https:\/\/www.sztigerwong.com\/fr\/wp-json\/wp\/v2\/product_cat?post=4095"},{"taxonomy":"product_tag","embeddable":true,"href":"https:\/\/www.sztigerwong.com\/fr\/wp-json\/wp\/v2\/product_tag?post=4095"}],"curies":[{"name":"WP","href":"https:\/\/api.w.org\/{rel}","templated":true}]}}