{"id":4087,"date":"2025-07-29T10:53:53","date_gmt":"2025-07-29T02:53:53","guid":{"rendered":"https:\/\/www.sztigerwong.com\/?post_type=product&#038;p=4087"},"modified":"2025-07-29T14:46:58","modified_gmt":"2025-07-29T06:46:58","slug":"tripod-turnstile-gate-tgw-tt002-2-2-2-2-2-2-2-2-2","status":"publish","type":"product","link":"https:\/\/www.sztigerwong.com\/fr\/product\/tripod-turnstile-gate-tgw-tt002-2-2-2-2-2-2-2-2-2\/","title":{"rendered":"La porte de tr\u00e9pied con\u00e7ue de mani\u00e8re unique est de petite taille et prend en charge diff\u00e9rents syst\u00e8mes de contr\u00f4le d'acc\u00e8s."},"content":{"rendered":"","protected":false},"excerpt":{"rendered":"<p>Le TGW-TT013 est un dispositif de gestion de canal haut de gamme avec une conception de ch\u00e2ssis semi-circulaire simplifi\u00e9e, qui combine esth\u00e9tique et fonctionnalit\u00e9. Sa forme d'arc unique est parfaitement int\u00e9gr\u00e9e au style architectural moderne. Il convient aux endroits ayant des exigences esth\u00e9tiques \u00e9lev\u00e9es telles que les centres commerciaux, les b\u00e2timents de bureaux, les lieux pittoresques, les stations de m\u00e9tro, etc., qui peuvent am\u00e9liorer la qualit\u00e9 globale de l'environnement tout en assurant le contr\u00f4le de la s\u00e9curit\u00e9.<\/p>","protected":false},"featured_media":4088,"comment_status":"closed","ping_status":"closed","template":"","meta":[],"product_brand":[],"product_cat":[54,19],"product_tag":[],"class_list":{"0":"post-4087","1":"product","2":"type-product","3":"status-publish","4":"has-post-thumbnail","6":"product_cat-tripod-turnstile-gate","7":"product_cat-turnstile-gate","9":"first","10":"instock","11":"shipping-taxable","12":"product-type-simple"},"_links":{"self":[{"href":"https:\/\/www.sztigerwong.com\/fr\/wp-json\/wp\/v2\/product\/4087","targetHints":{"allow":["GET"]}}],"collection":[{"href":"https:\/\/www.sztigerwong.com\/fr\/wp-json\/wp\/v2\/product"}],"about":[{"href":"https:\/\/www.sztigerwong.com\/fr\/wp-json\/wp\/v2\/types\/product"}],"replies":[{"embeddable":true,"href":"https:\/\/www.sztigerwong.com\/fr\/wp-json\/wp\/v2\/comments?post=4087"}],"wp:featuredmedia":[{"embeddable":true,"href":"https:\/\/www.sztigerwong.com\/fr\/wp-json\/wp\/v2\/media\/4088"}],"wp:attachment":[{"href":"https:\/\/www.sztigerwong.com\/fr\/wp-json\/wp\/v2\/media?parent=4087"}],"wp:term":[{"taxonomy":"product_brand","embeddable":true,"href":"https:\/\/www.sztigerwong.com\/fr\/wp-json\/wp\/v2\/product_brand?post=4087"},{"taxonomy":"product_cat","embeddable":true,"href":"https:\/\/www.sztigerwong.com\/fr\/wp-json\/wp\/v2\/product_cat?post=4087"},{"taxonomy":"product_tag","embeddable":true,"href":"https:\/\/www.sztigerwong.com\/fr\/wp-json\/wp\/v2\/product_tag?post=4087"}],"curies":[{"name":"WP","href":"https:\/\/api.w.org\/{rel}","templated":true}]}}