{"id":4081,"date":"2025-07-28T17:43:18","date_gmt":"2025-07-28T09:43:18","guid":{"rendered":"https:\/\/www.sztigerwong.com\/?post_type=product&#038;p=4081"},"modified":"2025-07-28T17:43:18","modified_gmt":"2025-07-28T09:43:18","slug":"tripod-turnstile-gate-tgw-tt002-2-2-2-2-2-2-2-2","status":"publish","type":"product","link":"https:\/\/www.sztigerwong.com\/fr\/product\/tripod-turnstile-gate-tgw-tt002-2-2-2-2-2-2-2-2\/","title":{"rendered":"Tourniquet tr\u00e9pied - TGW-TT003 - TigerWong"},"content":{"rendered":"","protected":false},"excerpt":{"rendered":"<p>TGW-TT012 est un dispositif de gestion de canal compact, stable et fiable avec une conception \u00e0 double colonne, caract\u00e9ris\u00e9 par une haute r\u00e9sistance, une haute s\u00e9curit\u00e9 et un contr\u00f4le intelligent. Il convient aux endroits qui n\u00e9cessitent un contr\u00f4le efficace du personnel, tels que les m\u00e9tros, les a\u00e9roports, les b\u00e2timents de bureaux, les usines, les campus, etc., pour r\u00e9aliser avec pr\u00e9cision la gestion du trafic unidirectionnel ou bidirectionnel et am\u00e9liorer efficacement le niveau de s\u00e9curit\u00e9.<\/p>","protected":false},"featured_media":4082,"comment_status":"closed","ping_status":"closed","template":"","meta":[],"product_brand":[],"product_cat":[54,19],"product_tag":[],"class_list":{"0":"post-4081","1":"product","2":"type-product","3":"status-publish","4":"has-post-thumbnail","6":"product_cat-tripod-turnstile-gate","7":"product_cat-turnstile-gate","9":"first","10":"instock","11":"shipping-taxable","12":"product-type-simple"},"_links":{"self":[{"href":"https:\/\/www.sztigerwong.com\/fr\/wp-json\/wp\/v2\/product\/4081","targetHints":{"allow":["GET"]}}],"collection":[{"href":"https:\/\/www.sztigerwong.com\/fr\/wp-json\/wp\/v2\/product"}],"about":[{"href":"https:\/\/www.sztigerwong.com\/fr\/wp-json\/wp\/v2\/types\/product"}],"replies":[{"embeddable":true,"href":"https:\/\/www.sztigerwong.com\/fr\/wp-json\/wp\/v2\/comments?post=4081"}],"wp:featuredmedia":[{"embeddable":true,"href":"https:\/\/www.sztigerwong.com\/fr\/wp-json\/wp\/v2\/media\/4082"}],"wp:attachment":[{"href":"https:\/\/www.sztigerwong.com\/fr\/wp-json\/wp\/v2\/media?parent=4081"}],"wp:term":[{"taxonomy":"product_brand","embeddable":true,"href":"https:\/\/www.sztigerwong.com\/fr\/wp-json\/wp\/v2\/product_brand?post=4081"},{"taxonomy":"product_cat","embeddable":true,"href":"https:\/\/www.sztigerwong.com\/fr\/wp-json\/wp\/v2\/product_cat?post=4081"},{"taxonomy":"product_tag","embeddable":true,"href":"https:\/\/www.sztigerwong.com\/fr\/wp-json\/wp\/v2\/product_tag?post=4081"}],"curies":[{"name":"WP","href":"https:\/\/api.w.org\/{rel}","templated":true}]}}