{"id":3884,"date":"2025-07-10T17:48:21","date_gmt":"2025-07-10T09:48:21","guid":{"rendered":"https:\/\/www.sztigerwong.com\/?post_type=product&#038;p=3884"},"modified":"2025-07-23T13:38:25","modified_gmt":"2025-07-23T05:38:25","slug":"tripod-turnstile-gate-tgw-tt002-2-2-2-2-2-2","status":"publish","type":"product","link":"https:\/\/www.sztigerwong.com\/fr\/product\/tripod-turnstile-gate-tgw-tt002-2-2-2-2-2-2\/","title":{"rendered":"TGW-TT009"},"content":{"rendered":"","protected":false},"excerpt":{"rendered":"<p>TGW-TT008 est un dispositif de gestion de canal qui est \u00e0 la fois esth\u00e9tiquement agr\u00e9able et pratique. Il adopte une conception de pente d'arc simplifi\u00e9e, avec une apparence \u00e9l\u00e9gante et une structure stable. Il convient \u00e0 des endroits haut de gamme tels que les centres commerciaux, les b\u00e2timents de bureaux, les endroits pittoresques, les stations de m\u00e9tro, etc., qui peuvent am\u00e9liorer l'environnement global tout en assurant un passage s\u00fbr.<\/p>","protected":false},"featured_media":3985,"comment_status":"closed","ping_status":"closed","template":"","meta":[],"product_brand":[],"product_cat":[54,19],"product_tag":[],"class_list":{"0":"post-3884","1":"product","2":"type-product","3":"status-publish","4":"has-post-thumbnail","6":"product_cat-tripod-turnstile-gate","7":"product_cat-turnstile-gate","9":"first","10":"instock","11":"shipping-taxable","12":"product-type-simple"},"_links":{"self":[{"href":"https:\/\/www.sztigerwong.com\/fr\/wp-json\/wp\/v2\/product\/3884","targetHints":{"allow":["GET"]}}],"collection":[{"href":"https:\/\/www.sztigerwong.com\/fr\/wp-json\/wp\/v2\/product"}],"about":[{"href":"https:\/\/www.sztigerwong.com\/fr\/wp-json\/wp\/v2\/types\/product"}],"replies":[{"embeddable":true,"href":"https:\/\/www.sztigerwong.com\/fr\/wp-json\/wp\/v2\/comments?post=3884"}],"wp:featuredmedia":[{"embeddable":true,"href":"https:\/\/www.sztigerwong.com\/fr\/wp-json\/wp\/v2\/media\/3985"}],"wp:attachment":[{"href":"https:\/\/www.sztigerwong.com\/fr\/wp-json\/wp\/v2\/media?parent=3884"}],"wp:term":[{"taxonomy":"product_brand","embeddable":true,"href":"https:\/\/www.sztigerwong.com\/fr\/wp-json\/wp\/v2\/product_brand?post=3884"},{"taxonomy":"product_cat","embeddable":true,"href":"https:\/\/www.sztigerwong.com\/fr\/wp-json\/wp\/v2\/product_cat?post=3884"},{"taxonomy":"product_tag","embeddable":true,"href":"https:\/\/www.sztigerwong.com\/fr\/wp-json\/wp\/v2\/product_tag?post=3884"}],"curies":[{"name":"WP","href":"https:\/\/api.w.org\/{rel}","templated":true}]}}