{"id":3690,"date":"2025-06-06T10:09:45","date_gmt":"2025-06-06T02:09:45","guid":{"rendered":"https:\/\/www.sztigerwong.com\/?post_type=product&#038;p=3690"},"modified":"2025-07-23T17:55:31","modified_gmt":"2025-07-23T09:55:31","slug":"tripod-turnstile-gate-tgw-tt001","status":"publish","type":"product","link":"https:\/\/www.sztigerwong.com\/fr\/product\/tripod-turnstile-gate-tgw-tt001\/","title":{"rendered":"TigerWong&#039; La porte de tourniquet bascul\u00e9 TGW-ST003 dispose d'une rotation lisse de 120\u00b0 pour un contr\u00f4le d'acc\u00e8s pi\u00e9ton confortable dans les zones de s\u00e9curit\u00e9 moyenne."},"content":{"rendered":"","protected":false},"excerpt":{"rendered":"<p>Porte de tourniquet oscillant, tourniquet bidirectionnel, contr\u00f4le d'acc\u00e8s | TigerWong<\/p>","protected":false},"featured_media":4027,"comment_status":"open","ping_status":"closed","template":"","meta":[],"product_brand":[],"product_cat":[54,19],"product_tag":[],"class_list":{"0":"post-3690","1":"product","2":"type-product","3":"status-publish","4":"has-post-thumbnail","6":"product_cat-tripod-turnstile-gate","7":"product_cat-turnstile-gate","9":"first","10":"instock","11":"shipping-taxable","12":"product-type-simple"},"_links":{"self":[{"href":"https:\/\/www.sztigerwong.com\/fr\/wp-json\/wp\/v2\/product\/3690","targetHints":{"allow":["GET"]}}],"collection":[{"href":"https:\/\/www.sztigerwong.com\/fr\/wp-json\/wp\/v2\/product"}],"about":[{"href":"https:\/\/www.sztigerwong.com\/fr\/wp-json\/wp\/v2\/types\/product"}],"replies":[{"embeddable":true,"href":"https:\/\/www.sztigerwong.com\/fr\/wp-json\/wp\/v2\/comments?post=3690"}],"wp:featuredmedia":[{"embeddable":true,"href":"https:\/\/www.sztigerwong.com\/fr\/wp-json\/wp\/v2\/media\/4027"}],"wp:attachment":[{"href":"https:\/\/www.sztigerwong.com\/fr\/wp-json\/wp\/v2\/media?parent=3690"}],"wp:term":[{"taxonomy":"product_brand","embeddable":true,"href":"https:\/\/www.sztigerwong.com\/fr\/wp-json\/wp\/v2\/product_brand?post=3690"},{"taxonomy":"product_cat","embeddable":true,"href":"https:\/\/www.sztigerwong.com\/fr\/wp-json\/wp\/v2\/product_cat?post=3690"},{"taxonomy":"product_tag","embeddable":true,"href":"https:\/\/www.sztigerwong.com\/fr\/wp-json\/wp\/v2\/product_tag?post=3690"}],"curies":[{"name":"WP","href":"https:\/\/api.w.org\/{rel}","templated":true}]}}