{"id":3594,"date":"2025-06-03T09:55:12","date_gmt":"2025-06-03T01:55:12","guid":{"rendered":"https:\/\/www.sztigerwong.com\/?post_type=product&#038;p=3594"},"modified":"2025-07-28T11:20:37","modified_gmt":"2025-07-28T03:20:37","slug":"wing-wings-turnstile-gate-tgw-wt001","status":"publish","type":"product","link":"https:\/\/www.sztigerwong.com\/fr\/product\/wing-wings-turnstile-gate-tgw-wt001\/","title":{"rendered":"Service de pr\u00e9-vente\u2014Vid\u00e9o en ligne"},"content":{"rendered":"","protected":false},"excerpt":{"rendered":"<p>TGW-WT001 adopte une conception d'ouverture et de fermeture \u00e0 double aile, qui a une efficacit\u00e9 de trafic \u00e9lev\u00e9e, une s\u00e9curit\u00e9 forte et une esth\u00e9tique. Il prend en charge plusieurs m\u00e9thodes d'authentification d'identit\u00e9, telles que le balayage de carte, la reconnaissance faciale, le code QR, etc., pour r\u00e9pondre aux besoins de gestion intelligente de diff\u00e9rents sc\u00e9narios. Il est largement utilis\u00e9 dans les m\u00e9tros, les chemins de fer \u00e0 grande vitesse, les a\u00e9roports, les b\u00e2timents de bureaux, les lieux pittoresques, les lieux et autres endroits qui n\u00e9cessitent un contr\u00f4le efficace du personnel.<\/p>","protected":false},"featured_media":4050,"comment_status":"open","ping_status":"closed","template":"","meta":[],"product_brand":[],"product_cat":[48,19],"product_tag":[],"class_list":{"0":"post-3594","1":"product","2":"type-product","3":"status-publish","4":"has-post-thumbnail","6":"product_cat-flap-wings-turnstile-gate","7":"product_cat-turnstile-gate","9":"first","10":"instock","11":"shipping-taxable","12":"product-type-simple"},"_links":{"self":[{"href":"https:\/\/www.sztigerwong.com\/fr\/wp-json\/wp\/v2\/product\/3594","targetHints":{"allow":["GET"]}}],"collection":[{"href":"https:\/\/www.sztigerwong.com\/fr\/wp-json\/wp\/v2\/product"}],"about":[{"href":"https:\/\/www.sztigerwong.com\/fr\/wp-json\/wp\/v2\/types\/product"}],"replies":[{"embeddable":true,"href":"https:\/\/www.sztigerwong.com\/fr\/wp-json\/wp\/v2\/comments?post=3594"}],"wp:featuredmedia":[{"embeddable":true,"href":"https:\/\/www.sztigerwong.com\/fr\/wp-json\/wp\/v2\/media\/4050"}],"wp:attachment":[{"href":"https:\/\/www.sztigerwong.com\/fr\/wp-json\/wp\/v2\/media?parent=3594"}],"wp:term":[{"taxonomy":"product_brand","embeddable":true,"href":"https:\/\/www.sztigerwong.com\/fr\/wp-json\/wp\/v2\/product_brand?post=3594"},{"taxonomy":"product_cat","embeddable":true,"href":"https:\/\/www.sztigerwong.com\/fr\/wp-json\/wp\/v2\/product_cat?post=3594"},{"taxonomy":"product_tag","embeddable":true,"href":"https:\/\/www.sztigerwong.com\/fr\/wp-json\/wp\/v2\/product_tag?post=3594"}],"curies":[{"name":"WP","href":"https:\/\/api.w.org\/{rel}","templated":true}]}}