{"id":3583,"date":"2025-05-30T19:27:43","date_gmt":"2025-05-30T11:27:43","guid":{"rendered":"https:\/\/www.sztigerwong.com\/?post_type=product&#038;p=3583"},"modified":"2025-10-31T10:02:34","modified_gmt":"2025-10-31T02:02:34","slug":"drop-arm-gate-tgw-da011","status":"publish","type":"product","link":"https:\/\/www.sztigerwong.com\/fr\/product\/drop-arm-gate-tgw-da011\/","title":{"rendered":"Le syst\u00e8me de stationnement de cartes RFID TGW-VS01 offre une durabilit\u00e9 de premier ordre et une int\u00e9gration transparente. Fabriqu\u00e9 en fer avec une construction \u00e9tanche, il s'installe facilement et convient aux parkings, aux portes communautaires. Il s'associe parfaitement \u00e0 la reconnaissance des plaques d'immatriculation et aux barri\u00e8res, simplifiant la gestion, am\u00e9liorant la s\u00e9curit\u00e9 et augmentant l'efficacit\u00e9."},"content":{"rendered":"","protected":false},"excerpt":{"rendered":"<p>Le TGW-FH001D poss\u00e8de une conception de barri\u00e8re tridimensionnelle d\u00e9passant 2 m\u00e8tres de hauteur, formant une barri\u00e8re physique insurmontable. Gr\u00e2ce \u00e0 l'ouverture et \u00e0 la fermeture altern\u00e9es de deux ensembles d'ailes rotatives de porte, il r\u00e9alise un passage absolu pour une seule personne et un flux bidirectionnel contr\u00f4l\u00e9, offrant le plus haut niveau de s\u00e9curit\u00e9 pour les zones centrales. C'est un choix id\u00e9al pour des endroits extr\u00eamement s\u00e9curis\u00e9s tels que les a\u00e9roports, les prisons et les centrales \u00e9lectriques.<\/p>","protected":false},"featured_media":3591,"comment_status":"closed","ping_status":"closed","template":"","meta":[],"product_brand":[],"product_cat":[47,19],"product_tag":[],"class_list":{"0":"post-3583","1":"product","2":"type-product","3":"status-publish","4":"has-post-thumbnail","6":"product_cat-drop-arm-gate","7":"product_cat-turnstile-gate","9":"first","10":"instock","11":"shipping-taxable","12":"product-type-simple"},"_links":{"self":[{"href":"https:\/\/www.sztigerwong.com\/fr\/wp-json\/wp\/v2\/product\/3583","targetHints":{"allow":["GET"]}}],"collection":[{"href":"https:\/\/www.sztigerwong.com\/fr\/wp-json\/wp\/v2\/product"}],"about":[{"href":"https:\/\/www.sztigerwong.com\/fr\/wp-json\/wp\/v2\/types\/product"}],"replies":[{"embeddable":true,"href":"https:\/\/www.sztigerwong.com\/fr\/wp-json\/wp\/v2\/comments?post=3583"}],"wp:featuredmedia":[{"embeddable":true,"href":"https:\/\/www.sztigerwong.com\/fr\/wp-json\/wp\/v2\/media\/3591"}],"wp:attachment":[{"href":"https:\/\/www.sztigerwong.com\/fr\/wp-json\/wp\/v2\/media?parent=3583"}],"wp:term":[{"taxonomy":"product_brand","embeddable":true,"href":"https:\/\/www.sztigerwong.com\/fr\/wp-json\/wp\/v2\/product_brand?post=3583"},{"taxonomy":"product_cat","embeddable":true,"href":"https:\/\/www.sztigerwong.com\/fr\/wp-json\/wp\/v2\/product_cat?post=3583"},{"taxonomy":"product_tag","embeddable":true,"href":"https:\/\/www.sztigerwong.com\/fr\/wp-json\/wp\/v2\/product_tag?post=3583"}],"curies":[{"name":"WP","href":"https:\/\/api.w.org\/{rel}","templated":true}]}}