{"id":3543,"date":"2025-05-30T18:29:57","date_gmt":"2025-05-30T10:29:57","guid":{"rendered":"https:\/\/www.sztigerwong.com\/?post_type=product&#038;p=3543"},"modified":"2025-10-30T13:56:15","modified_gmt":"2025-10-30T05:56:15","slug":"ticket-parking-system-tiger-tp710e","status":"publish","type":"product","link":"https:\/\/www.sztigerwong.com\/fr\/product\/ticket-parking-system-tiger-tp710e\/","title":{"rendered":"Vous pouvez acheter du papier d'impression correspondant de nous, ou vous pouvez acheter du papier d'impression thermique standard (80 * 80mm) par vous-m\u00eame."},"content":{"rendered":"","protected":false},"excerpt":{"rendered":"<p>Oui, notre distributeur de billets prend en charge plusieurs langues, telles que l'espagnol, le japonais, le tha\u00eflandais, etc., ce qui est pratique pour les utilisateurs de diff\u00e9rents pays et r\u00e9gions.<\/p>","protected":false},"featured_media":3550,"comment_status":"closed","ping_status":"closed","template":"","meta":[],"product_brand":[],"product_cat":[15,45],"product_tag":[],"class_list":{"0":"post-3543","1":"product","2":"type-product","3":"status-publish","4":"has-post-thumbnail","6":"product_cat-parking-management-system","7":"product_cat-ticket-parking-system","9":"first","10":"instock","11":"shipping-taxable","12":"product-type-simple"},"_links":{"self":[{"href":"https:\/\/www.sztigerwong.com\/fr\/wp-json\/wp\/v2\/product\/3543","targetHints":{"allow":["GET"]}}],"collection":[{"href":"https:\/\/www.sztigerwong.com\/fr\/wp-json\/wp\/v2\/product"}],"about":[{"href":"https:\/\/www.sztigerwong.com\/fr\/wp-json\/wp\/v2\/types\/product"}],"replies":[{"embeddable":true,"href":"https:\/\/www.sztigerwong.com\/fr\/wp-json\/wp\/v2\/comments?post=3543"}],"wp:featuredmedia":[{"embeddable":true,"href":"https:\/\/www.sztigerwong.com\/fr\/wp-json\/wp\/v2\/media\/3550"}],"wp:attachment":[{"href":"https:\/\/www.sztigerwong.com\/fr\/wp-json\/wp\/v2\/media?parent=3543"}],"wp:term":[{"taxonomy":"product_brand","embeddable":true,"href":"https:\/\/www.sztigerwong.com\/fr\/wp-json\/wp\/v2\/product_brand?post=3543"},{"taxonomy":"product_cat","embeddable":true,"href":"https:\/\/www.sztigerwong.com\/fr\/wp-json\/wp\/v2\/product_cat?post=3543"},{"taxonomy":"product_tag","embeddable":true,"href":"https:\/\/www.sztigerwong.com\/fr\/wp-json\/wp\/v2\/product_tag?post=3543"}],"curies":[{"name":"WP","href":"https:\/\/api.w.org\/{rel}","templated":true}]}}