{"id":3434,"date":"2025-05-30T15:34:15","date_gmt":"2025-05-30T07:34:15","guid":{"rendered":"https:\/\/www.sztigerwong.com\/?post_type=product&#038;p=3434"},"modified":"2025-06-05T15:34:45","modified_gmt":"2025-06-05T07:34:45","slug":"barrier-boom-park-401ds","status":"publish","type":"product","link":"https:\/\/www.sztigerwong.com\/fr\/product\/barrier-boom-park-401ds\/","title":{"rendered":"Porte tourniquet \u00e0 volet, barri\u00e8re d'aile, contr\u00f4le d'acc\u00e8s | TigerWong"},"content":{"rendered":"","protected":false},"excerpt":{"rendered":"<p>Boom de barri\u00e8re de stationnement, automatisation de porte, syst\u00e8mes de porte de stationnement | TigerWong<strong><b>\u00a0<\/b><\/strong>TigerWong&#039; Les portes de tourniquet \u00e0 aile \u00e0 rabat (TGW-WT001\/WT002) fournissent un contr\u00f4le s\u00e9curis\u00e9 des pi\u00e9tons avec des barri\u00e8res d'aile durables pour les zones \u00e0 forte circulation.<\/p>","protected":false},"featured_media":3439,"comment_status":"open","ping_status":"closed","template":"","meta":[],"product_brand":[],"product_cat":[41,15],"product_tag":[],"class_list":{"0":"post-3434","1":"product","2":"type-product","3":"status-publish","4":"has-post-thumbnail","6":"product_cat-barrier-boom","7":"product_cat-parking-management-system","9":"first","10":"instock","11":"shipping-taxable","12":"product-type-simple"},"_links":{"self":[{"href":"https:\/\/www.sztigerwong.com\/fr\/wp-json\/wp\/v2\/product\/3434","targetHints":{"allow":["GET"]}}],"collection":[{"href":"https:\/\/www.sztigerwong.com\/fr\/wp-json\/wp\/v2\/product"}],"about":[{"href":"https:\/\/www.sztigerwong.com\/fr\/wp-json\/wp\/v2\/types\/product"}],"replies":[{"embeddable":true,"href":"https:\/\/www.sztigerwong.com\/fr\/wp-json\/wp\/v2\/comments?post=3434"}],"wp:featuredmedia":[{"embeddable":true,"href":"https:\/\/www.sztigerwong.com\/fr\/wp-json\/wp\/v2\/media\/3439"}],"wp:attachment":[{"href":"https:\/\/www.sztigerwong.com\/fr\/wp-json\/wp\/v2\/media?parent=3434"}],"wp:term":[{"taxonomy":"product_brand","embeddable":true,"href":"https:\/\/www.sztigerwong.com\/fr\/wp-json\/wp\/v2\/product_brand?post=3434"},{"taxonomy":"product_cat","embeddable":true,"href":"https:\/\/www.sztigerwong.com\/fr\/wp-json\/wp\/v2\/product_cat?post=3434"},{"taxonomy":"product_tag","embeddable":true,"href":"https:\/\/www.sztigerwong.com\/fr\/wp-json\/wp\/v2\/product_tag?post=3434"}],"curies":[{"name":"WP","href":"https:\/\/api.w.org\/{rel}","templated":true}]}}