{"id":5046,"date":"2025-10-27T16:17:37","date_gmt":"2025-10-27T08:17:37","guid":{"rendered":"https:\/\/www.sztigerwong.com\/?post_type=product&#038;p=5046"},"modified":"2025-10-27T16:44:38","modified_gmt":"2025-10-27T08:44:38","slug":"wing-wings-turnstile-gate-tgw-wt017","status":"publish","type":"product","link":"https:\/\/www.sztigerwong.com\/es\/product\/wing-wings-turnstile-gate-tgw-wt017\/","title":{"rendered":"Puerta de torniquete de ala \/ alas &#8211; TGW-WT017"},"content":{"rendered":"","protected":false},"excerpt":{"rendered":"<p>TGW-WT017 hereda la l\u00f3gica de acceso central de las puertas de ala est\u00e1ndar. A trav\u00e9s de su estructura refinada y dise\u00f1o compacto, implementa funciones esenciales para la gesti\u00f3n de acceso en \u00e1reas clave. Su huella compacta le permite integrarse f\u00e1cilmente en espacios estrechos, lo que resuelve el desaf\u00edo de instalar puertas de acceso en muchos lugares debido a las restricciones espaciales. A pesar de su dise\u00f1o minimalista, mantiene el principio de &#8220; una persona a la vez, paso seguro,&#8221; por lo que es una opci\u00f3n ideal para una gesti\u00f3n de personal rentable y eficiente en lugares como tiendas de conveniencia, puertas interiores de oficinas y mostradores no tripulados.<\/p>","protected":false},"featured_media":5047,"comment_status":"closed","ping_status":"closed","template":"","meta":[],"product_brand":[],"product_cat":[48,19],"product_tag":[],"class_list":{"0":"post-5046","1":"product","2":"type-product","3":"status-publish","4":"has-post-thumbnail","6":"product_cat-flap-wings-turnstile-gate","7":"product_cat-turnstile-gate","9":"first","10":"instock","11":"shipping-taxable","12":"product-type-simple"},"_links":{"self":[{"href":"https:\/\/www.sztigerwong.com\/es\/wp-json\/wp\/v2\/product\/5046","targetHints":{"allow":["GET"]}}],"collection":[{"href":"https:\/\/www.sztigerwong.com\/es\/wp-json\/wp\/v2\/product"}],"about":[{"href":"https:\/\/www.sztigerwong.com\/es\/wp-json\/wp\/v2\/types\/product"}],"replies":[{"embeddable":true,"href":"https:\/\/www.sztigerwong.com\/es\/wp-json\/wp\/v2\/comments?post=5046"}],"wp:featuredmedia":[{"embeddable":true,"href":"https:\/\/www.sztigerwong.com\/es\/wp-json\/wp\/v2\/media\/5047"}],"wp:attachment":[{"href":"https:\/\/www.sztigerwong.com\/es\/wp-json\/wp\/v2\/media?parent=5046"}],"wp:term":[{"taxonomy":"product_brand","embeddable":true,"href":"https:\/\/www.sztigerwong.com\/es\/wp-json\/wp\/v2\/product_brand?post=5046"},{"taxonomy":"product_cat","embeddable":true,"href":"https:\/\/www.sztigerwong.com\/es\/wp-json\/wp\/v2\/product_cat?post=5046"},{"taxonomy":"product_tag","embeddable":true,"href":"https:\/\/www.sztigerwong.com\/es\/wp-json\/wp\/v2\/product_tag?post=5046"}],"curies":[{"name":"WP","href":"https:\/\/api.w.org\/{rel}","templated":true}]}}