{"id":4653,"date":"2025-09-28T10:09:18","date_gmt":"2025-09-28T02:09:18","guid":{"rendered":"https:\/\/www.sztigerwong.com\/?post_type=product&#038;p=4653"},"modified":"2025-09-28T10:50:41","modified_gmt":"2025-09-28T02:50:41","slug":"swing-turnstile-gate-tgw-hs-lst020","status":"publish","type":"product","link":"https:\/\/www.sztigerwong.com\/es\/product\/swing-turnstile-gate-tgw-hs-lst020\/","title":{"rendered":"Puerta del torniquete Swing &#8211; TGW-HS-LST020"},"content":{"rendered":"","protected":false},"excerpt":{"rendered":"<p>TGW-HC-LST020 es un dispositivo inteligente de gesti\u00f3n de canales dise\u00f1ado para lugares de alta seguridad. Adopta una estructura elevada \u00fanica en ambos extremos del fuselaje, combinada con materiales de alta resistencia y sistemas de control inteligentes, para realizar efectivamente la desviaci\u00f3n del personal, la verificaci\u00f3n de la autoridad y las funciones anti-tailgating. Es adecuado para \u00e1reas de alto tr\u00e1fico como el metro, aeropuertos, edificios de oficinas y lugares, teniendo en cuenta tanto el paso eficiente como la protecci\u00f3n de seguridad.<\/p>","protected":false},"featured_media":4654,"comment_status":"closed","ping_status":"closed","template":"","meta":[],"product_brand":[],"product_cat":[53,19],"product_tag":[],"class_list":{"0":"post-4653","1":"product","2":"type-product","3":"status-publish","4":"has-post-thumbnail","6":"product_cat-swing-turnstile-gate","7":"product_cat-turnstile-gate","9":"first","10":"instock","11":"shipping-taxable","12":"product-type-simple"},"_links":{"self":[{"href":"https:\/\/www.sztigerwong.com\/es\/wp-json\/wp\/v2\/product\/4653","targetHints":{"allow":["GET"]}}],"collection":[{"href":"https:\/\/www.sztigerwong.com\/es\/wp-json\/wp\/v2\/product"}],"about":[{"href":"https:\/\/www.sztigerwong.com\/es\/wp-json\/wp\/v2\/types\/product"}],"replies":[{"embeddable":true,"href":"https:\/\/www.sztigerwong.com\/es\/wp-json\/wp\/v2\/comments?post=4653"}],"wp:featuredmedia":[{"embeddable":true,"href":"https:\/\/www.sztigerwong.com\/es\/wp-json\/wp\/v2\/media\/4654"}],"wp:attachment":[{"href":"https:\/\/www.sztigerwong.com\/es\/wp-json\/wp\/v2\/media?parent=4653"}],"wp:term":[{"taxonomy":"product_brand","embeddable":true,"href":"https:\/\/www.sztigerwong.com\/es\/wp-json\/wp\/v2\/product_brand?post=4653"},{"taxonomy":"product_cat","embeddable":true,"href":"https:\/\/www.sztigerwong.com\/es\/wp-json\/wp\/v2\/product_cat?post=4653"},{"taxonomy":"product_tag","embeddable":true,"href":"https:\/\/www.sztigerwong.com\/es\/wp-json\/wp\/v2\/product_tag?post=4653"}],"curies":[{"name":"WP","href":"https:\/\/api.w.org\/{rel}","templated":true}]}}