{"id":4620,"date":"2025-09-26T15:54:02","date_gmt":"2025-09-26T07:54:02","guid":{"rendered":"https:\/\/www.sztigerwong.com\/?post_type=product&#038;p=4620"},"modified":"2025-09-26T16:03:04","modified_gmt":"2025-09-26T08:03:04","slug":"swing-turnstile-gate-tgw-st001","status":"publish","type":"product","link":"https:\/\/www.sztigerwong.com\/es\/product\/swing-turnstile-gate-tgw-st001\/","title":{"rendered":"Puerta del torniquete Swing &#8211; TGW-ST001"},"content":{"rendered":"","protected":false},"excerpt":{"rendered":"<p>TGW-ST001 es un dispositivo inteligente de gesti\u00f3n de canales dise\u00f1ado para lugares de tr\u00e1fico medio y alto. Adopta una estructura vertical compacta, teniendo en cuenta tanto el ahorro de espacio como los requisitos de paso eficiente. Es adecuado para escenas como edificios de oficinas, estaciones de metro y pintorescas puertas de entrada, proporcionando un control preciso de permisos y una experiencia de paso sin problemas.<\/p>","protected":false},"featured_media":4623,"comment_status":"closed","ping_status":"closed","template":"","meta":[],"product_brand":[],"product_cat":[53,19],"product_tag":[],"class_list":{"0":"post-4620","1":"product","2":"type-product","3":"status-publish","4":"has-post-thumbnail","6":"product_cat-swing-turnstile-gate","7":"product_cat-turnstile-gate","9":"first","10":"instock","11":"shipping-taxable","12":"product-type-simple"},"_links":{"self":[{"href":"https:\/\/www.sztigerwong.com\/es\/wp-json\/wp\/v2\/product\/4620","targetHints":{"allow":["GET"]}}],"collection":[{"href":"https:\/\/www.sztigerwong.com\/es\/wp-json\/wp\/v2\/product"}],"about":[{"href":"https:\/\/www.sztigerwong.com\/es\/wp-json\/wp\/v2\/types\/product"}],"replies":[{"embeddable":true,"href":"https:\/\/www.sztigerwong.com\/es\/wp-json\/wp\/v2\/comments?post=4620"}],"wp:featuredmedia":[{"embeddable":true,"href":"https:\/\/www.sztigerwong.com\/es\/wp-json\/wp\/v2\/media\/4623"}],"wp:attachment":[{"href":"https:\/\/www.sztigerwong.com\/es\/wp-json\/wp\/v2\/media?parent=4620"}],"wp:term":[{"taxonomy":"product_brand","embeddable":true,"href":"https:\/\/www.sztigerwong.com\/es\/wp-json\/wp\/v2\/product_brand?post=4620"},{"taxonomy":"product_cat","embeddable":true,"href":"https:\/\/www.sztigerwong.com\/es\/wp-json\/wp\/v2\/product_cat?post=4620"},{"taxonomy":"product_tag","embeddable":true,"href":"https:\/\/www.sztigerwong.com\/es\/wp-json\/wp\/v2\/product_tag?post=4620"}],"curies":[{"name":"WP","href":"https:\/\/api.w.org\/{rel}","templated":true}]}}