{"id":4406,"date":"2025-08-29T09:52:36","date_gmt":"2025-08-29T01:52:36","guid":{"rendered":"https:\/\/www.sztigerwong.com\/?post_type=product&#038;p=4406"},"modified":"2025-08-29T14:28:03","modified_gmt":"2025-08-29T06:28:03","slug":"swing-turnstile-gate-tgw-lst007","status":"publish","type":"product","link":"https:\/\/www.sztigerwong.com\/es\/product\/swing-turnstile-gate-tgw-lst007\/","title":{"rendered":"Puerta del torniquete Swing &#8211; TGW-LST007"},"content":{"rendered":"","protected":false},"excerpt":{"rendered":"<p>TGW-LST007 es una puerta colgante inteligente dise\u00f1ada para jardines de infancia. Integra protecci\u00f3n de seguridad, interacci\u00f3n divertida y gesti\u00f3n conveniente. Proporciona a los ni\u00f1os un canal de acceso seguro y ordenado al tiempo que reduce la presi\u00f3n de gesti\u00f3n del jard\u00edn de infancia. El dise\u00f1o redondeado anti-colisi\u00f3n lindos indicadores de luz hacen que el paso sea seguro e interesante!<\/p>","protected":false},"featured_media":4407,"comment_status":"closed","ping_status":"closed","template":"","meta":[],"product_brand":[],"product_cat":[53,19],"product_tag":[],"class_list":{"0":"post-4406","1":"product","2":"type-product","3":"status-publish","4":"has-post-thumbnail","6":"product_cat-swing-turnstile-gate","7":"product_cat-turnstile-gate","9":"first","10":"instock","11":"shipping-taxable","12":"product-type-simple"},"_links":{"self":[{"href":"https:\/\/www.sztigerwong.com\/es\/wp-json\/wp\/v2\/product\/4406","targetHints":{"allow":["GET"]}}],"collection":[{"href":"https:\/\/www.sztigerwong.com\/es\/wp-json\/wp\/v2\/product"}],"about":[{"href":"https:\/\/www.sztigerwong.com\/es\/wp-json\/wp\/v2\/types\/product"}],"replies":[{"embeddable":true,"href":"https:\/\/www.sztigerwong.com\/es\/wp-json\/wp\/v2\/comments?post=4406"}],"wp:featuredmedia":[{"embeddable":true,"href":"https:\/\/www.sztigerwong.com\/es\/wp-json\/wp\/v2\/media\/4407"}],"wp:attachment":[{"href":"https:\/\/www.sztigerwong.com\/es\/wp-json\/wp\/v2\/media?parent=4406"}],"wp:term":[{"taxonomy":"product_brand","embeddable":true,"href":"https:\/\/www.sztigerwong.com\/es\/wp-json\/wp\/v2\/product_brand?post=4406"},{"taxonomy":"product_cat","embeddable":true,"href":"https:\/\/www.sztigerwong.com\/es\/wp-json\/wp\/v2\/product_cat?post=4406"},{"taxonomy":"product_tag","embeddable":true,"href":"https:\/\/www.sztigerwong.com\/es\/wp-json\/wp\/v2\/product_tag?post=4406"}],"curies":[{"name":"WP","href":"https:\/\/api.w.org\/{rel}","templated":true}]}}