{"id":4294,"date":"2025-08-16T11:41:22","date_gmt":"2025-08-16T03:41:22","guid":{"rendered":"https:\/\/www.sztigerwong.com\/?post_type=product&#038;p=4294"},"modified":"2025-08-16T15:40:06","modified_gmt":"2025-08-16T07:40:06","slug":"tripod-turnstile-gate-tgw-tt030","status":"publish","type":"product","link":"https:\/\/www.sztigerwong.com\/es\/product\/tripod-turnstile-gate-tgw-tt030\/","title":{"rendered":"Puerta del torniquete del tr\u00edpode &#8211; El TGW-TT030"},"content":{"rendered":"","protected":false},"excerpt":{"rendered":"<p>TGW-TT030 adopta un dise\u00f1o est\u00e9tico geom\u00e9trico minimalista, con un elegante contorno curvado y un cuerpo integrado para crear un dispositivo de gesti\u00f3n de canales moderno. Al tiempo que garantiza una alta seguridad, tambi\u00e9n tiene en cuenta la belleza visual. Es adecuado para edificios de oficinas de gama alta, centros comerciales, aeropuertos, salas de exposiciones y otros lugares con estrictos requisitos de imagen, proporcionando a los usuarios una experiencia de paso suave y c\u00f3moda.<\/p>\n<p>&nbsp;<\/p>","protected":false},"featured_media":4295,"comment_status":"closed","ping_status":"closed","template":"","meta":[],"product_brand":[],"product_cat":[54,19],"product_tag":[],"class_list":{"0":"post-4294","1":"product","2":"type-product","3":"status-publish","4":"has-post-thumbnail","6":"product_cat-tripod-turnstile-gate","7":"product_cat-turnstile-gate","9":"first","10":"instock","11":"shipping-taxable","12":"product-type-simple"},"_links":{"self":[{"href":"https:\/\/www.sztigerwong.com\/es\/wp-json\/wp\/v2\/product\/4294","targetHints":{"allow":["GET"]}}],"collection":[{"href":"https:\/\/www.sztigerwong.com\/es\/wp-json\/wp\/v2\/product"}],"about":[{"href":"https:\/\/www.sztigerwong.com\/es\/wp-json\/wp\/v2\/types\/product"}],"replies":[{"embeddable":true,"href":"https:\/\/www.sztigerwong.com\/es\/wp-json\/wp\/v2\/comments?post=4294"}],"wp:featuredmedia":[{"embeddable":true,"href":"https:\/\/www.sztigerwong.com\/es\/wp-json\/wp\/v2\/media\/4295"}],"wp:attachment":[{"href":"https:\/\/www.sztigerwong.com\/es\/wp-json\/wp\/v2\/media?parent=4294"}],"wp:term":[{"taxonomy":"product_brand","embeddable":true,"href":"https:\/\/www.sztigerwong.com\/es\/wp-json\/wp\/v2\/product_brand?post=4294"},{"taxonomy":"product_cat","embeddable":true,"href":"https:\/\/www.sztigerwong.com\/es\/wp-json\/wp\/v2\/product_cat?post=4294"},{"taxonomy":"product_tag","embeddable":true,"href":"https:\/\/www.sztigerwong.com\/es\/wp-json\/wp\/v2\/product_tag?post=4294"}],"curies":[{"name":"WP","href":"https:\/\/api.w.org\/{rel}","templated":true}]}}