{"id":4279,"date":"2025-08-16T10:12:38","date_gmt":"2025-08-16T02:12:38","guid":{"rendered":"https:\/\/www.sztigerwong.com\/?post_type=product&#038;p=4279"},"modified":"2025-08-16T10:21:41","modified_gmt":"2025-08-16T02:21:41","slug":"tripod-turnstile-gate-tgw-tt020","status":"publish","type":"product","link":"https:\/\/www.sztigerwong.com\/es\/product\/tripod-turnstile-gate-tgw-tt020\/","title":{"rendered":"Se utiliza en lugares pintorescos, escuelas y otros lugares donde se requiere un estricto control del acceso del personal."},"content":{"rendered":"","protected":false},"excerpt":{"rendered":"<p>TGW-TT020 es un dispositivo de gesti\u00f3n de canales que combina est\u00e9tica industrial moderna con alta seguridad. Adopta un dise\u00f1o integrado de chasis en forma de arco, con una apariencia simple y elegante, y tiene resistencia al polvo, impermeable, resistente a los impactos y otras caracter\u00edsticas. Es adecuado para lugares con altos requisitos de est\u00e9tica y seguridad, como el metro, aeropuertos, edificios de oficinas de gama alta y lugares pintorescos, proporcionando soluciones eficientes y estables de gesti\u00f3n del acceso al personal.<\/p>\n<p>&nbsp;<\/p>","protected":false},"featured_media":4282,"comment_status":"closed","ping_status":"closed","template":"","meta":[],"product_brand":[],"product_cat":[54,19],"product_tag":[],"class_list":{"0":"post-4279","1":"product","2":"type-product","3":"status-publish","4":"has-post-thumbnail","6":"product_cat-tripod-turnstile-gate","7":"product_cat-turnstile-gate","9":"first","10":"instock","11":"shipping-taxable","12":"product-type-simple"},"_links":{"self":[{"href":"https:\/\/www.sztigerwong.com\/es\/wp-json\/wp\/v2\/product\/4279","targetHints":{"allow":["GET"]}}],"collection":[{"href":"https:\/\/www.sztigerwong.com\/es\/wp-json\/wp\/v2\/product"}],"about":[{"href":"https:\/\/www.sztigerwong.com\/es\/wp-json\/wp\/v2\/types\/product"}],"replies":[{"embeddable":true,"href":"https:\/\/www.sztigerwong.com\/es\/wp-json\/wp\/v2\/comments?post=4279"}],"wp:featuredmedia":[{"embeddable":true,"href":"https:\/\/www.sztigerwong.com\/es\/wp-json\/wp\/v2\/media\/4282"}],"wp:attachment":[{"href":"https:\/\/www.sztigerwong.com\/es\/wp-json\/wp\/v2\/media?parent=4279"}],"wp:term":[{"taxonomy":"product_brand","embeddable":true,"href":"https:\/\/www.sztigerwong.com\/es\/wp-json\/wp\/v2\/product_brand?post=4279"},{"taxonomy":"product_cat","embeddable":true,"href":"https:\/\/www.sztigerwong.com\/es\/wp-json\/wp\/v2\/product_cat?post=4279"},{"taxonomy":"product_tag","embeddable":true,"href":"https:\/\/www.sztigerwong.com\/es\/wp-json\/wp\/v2\/product_tag?post=4279"}],"curies":[{"name":"WP","href":"https:\/\/api.w.org\/{rel}","templated":true}]}}