{"id":4087,"date":"2025-07-29T10:53:53","date_gmt":"2025-07-29T02:53:53","guid":{"rendered":"https:\/\/www.sztigerwong.com\/?post_type=product&#038;p=4087"},"modified":"2025-07-29T14:46:58","modified_gmt":"2025-07-29T06:46:58","slug":"tripod-turnstile-gate-tgw-tt002-2-2-2-2-2-2-2-2-2","status":"publish","type":"product","link":"https:\/\/www.sztigerwong.com\/es\/product\/tripod-turnstile-gate-tgw-tt002-2-2-2-2-2-2-2-2-2\/","title":{"rendered":"La puerta de tr\u00edpode de dise\u00f1o \u00fanico es de tama\u00f1o peque\u00f1o y soporta diferentes sistemas de control de acceso."},"content":{"rendered":"","protected":false},"excerpt":{"rendered":"<p>TGW-TT013 es un dispositivo de gesti\u00f3n de canales de gama alta con un dise\u00f1o de chasis semicircular simplificado, que combina est\u00e9tica y funcionalidad. Su forma de arco \u00fanica est\u00e1 perfectamente integrada con el estilo arquitect\u00f3nico moderno. Es adecuado para lugares con altos requisitos est\u00e9ticos como centros comerciales, edificios de oficinas, lugares pintorescos, estaciones de metro, etc., lo que puede mejorar el grado general del medio ambiente mientras garantiza el control de seguridad.<\/p>","protected":false},"featured_media":4088,"comment_status":"closed","ping_status":"closed","template":"","meta":[],"product_brand":[],"product_cat":[54,19],"product_tag":[],"class_list":{"0":"post-4087","1":"product","2":"type-product","3":"status-publish","4":"has-post-thumbnail","6":"product_cat-tripod-turnstile-gate","7":"product_cat-turnstile-gate","9":"first","10":"instock","11":"shipping-taxable","12":"product-type-simple"},"_links":{"self":[{"href":"https:\/\/www.sztigerwong.com\/es\/wp-json\/wp\/v2\/product\/4087","targetHints":{"allow":["GET"]}}],"collection":[{"href":"https:\/\/www.sztigerwong.com\/es\/wp-json\/wp\/v2\/product"}],"about":[{"href":"https:\/\/www.sztigerwong.com\/es\/wp-json\/wp\/v2\/types\/product"}],"replies":[{"embeddable":true,"href":"https:\/\/www.sztigerwong.com\/es\/wp-json\/wp\/v2\/comments?post=4087"}],"wp:featuredmedia":[{"embeddable":true,"href":"https:\/\/www.sztigerwong.com\/es\/wp-json\/wp\/v2\/media\/4088"}],"wp:attachment":[{"href":"https:\/\/www.sztigerwong.com\/es\/wp-json\/wp\/v2\/media?parent=4087"}],"wp:term":[{"taxonomy":"product_brand","embeddable":true,"href":"https:\/\/www.sztigerwong.com\/es\/wp-json\/wp\/v2\/product_brand?post=4087"},{"taxonomy":"product_cat","embeddable":true,"href":"https:\/\/www.sztigerwong.com\/es\/wp-json\/wp\/v2\/product_cat?post=4087"},{"taxonomy":"product_tag","embeddable":true,"href":"https:\/\/www.sztigerwong.com\/es\/wp-json\/wp\/v2\/product_tag?post=4087"}],"curies":[{"name":"WP","href":"https:\/\/api.w.org\/{rel}","templated":true}]}}