{"id":4081,"date":"2025-07-28T17:43:18","date_gmt":"2025-07-28T09:43:18","guid":{"rendered":"https:\/\/www.sztigerwong.com\/?post_type=product&#038;p=4081"},"modified":"2025-07-28T17:43:18","modified_gmt":"2025-07-28T09:43:18","slug":"tripod-turnstile-gate-tgw-tt002-2-2-2-2-2-2-2-2","status":"publish","type":"product","link":"https:\/\/www.sztigerwong.com\/es\/product\/tripod-turnstile-gate-tgw-tt002-2-2-2-2-2-2-2-2\/","title":{"rendered":"Tr\u00edpode torniquete - TGW-TT003 - TigerWong"},"content":{"rendered":"","protected":false},"excerpt":{"rendered":"<p>TGW-TT012 es un dispositivo de gesti\u00f3n de canales compacto, estable y fiable con un dise\u00f1o de doble columna, que cuenta con alta resistencia, alta seguridad y control inteligente. Es adecuado para lugares que requieren un control eficiente del personal, como el metro, los aeropuertos, los edificios de oficinas, las f\u00e1bricas, los campus, etc., para lograr con precisi\u00f3n la gesti\u00f3n del tr\u00e1fico unidireccional o bidireccional y mejorar efectivamente el nivel de seguridad.<\/p>","protected":false},"featured_media":4082,"comment_status":"closed","ping_status":"closed","template":"","meta":[],"product_brand":[],"product_cat":[54,19],"product_tag":[],"class_list":{"0":"post-4081","1":"product","2":"type-product","3":"status-publish","4":"has-post-thumbnail","6":"product_cat-tripod-turnstile-gate","7":"product_cat-turnstile-gate","9":"first","10":"instock","11":"shipping-taxable","12":"product-type-simple"},"_links":{"self":[{"href":"https:\/\/www.sztigerwong.com\/es\/wp-json\/wp\/v2\/product\/4081","targetHints":{"allow":["GET"]}}],"collection":[{"href":"https:\/\/www.sztigerwong.com\/es\/wp-json\/wp\/v2\/product"}],"about":[{"href":"https:\/\/www.sztigerwong.com\/es\/wp-json\/wp\/v2\/types\/product"}],"replies":[{"embeddable":true,"href":"https:\/\/www.sztigerwong.com\/es\/wp-json\/wp\/v2\/comments?post=4081"}],"wp:featuredmedia":[{"embeddable":true,"href":"https:\/\/www.sztigerwong.com\/es\/wp-json\/wp\/v2\/media\/4082"}],"wp:attachment":[{"href":"https:\/\/www.sztigerwong.com\/es\/wp-json\/wp\/v2\/media?parent=4081"}],"wp:term":[{"taxonomy":"product_brand","embeddable":true,"href":"https:\/\/www.sztigerwong.com\/es\/wp-json\/wp\/v2\/product_brand?post=4081"},{"taxonomy":"product_cat","embeddable":true,"href":"https:\/\/www.sztigerwong.com\/es\/wp-json\/wp\/v2\/product_cat?post=4081"},{"taxonomy":"product_tag","embeddable":true,"href":"https:\/\/www.sztigerwong.com\/es\/wp-json\/wp\/v2\/product_tag?post=4081"}],"curies":[{"name":"WP","href":"https:\/\/api.w.org\/{rel}","templated":true}]}}