{"id":3606,"date":"2025-06-03T11:43:31","date_gmt":"2025-06-03T03:43:31","guid":{"rendered":"https:\/\/www.sztigerwong.com\/?post_type=product&#038;p=3606"},"modified":"2025-06-05T16:59:58","modified_gmt":"2025-06-05T08:59:58","slug":"full-height-turnstile-tgw-fh001","status":"publish","type":"product","link":"https:\/\/www.sztigerwong.com\/es\/product\/full-height-turnstile-tgw-fh001\/","title":{"rendered":"TGW-LST022 adopta el marco de acero inoxidable 304 de alta resistencia con deflector acr\u00edlico transparente, integrando durabilidad, seguridad y dise\u00f1o moderno, y es ampliamente utilizado en lugares que requieren una gesti\u00f3n eficiente del tr\u00e1fico, como el metro, edificios imezimwaice, lugares pintorescos y lugares. El producto ofrece a los usuarios soluciones de gesti\u00f3n de acceso rentables con control mec\u00e1nico preciso, experiencia visual elegante y opciones de configuraci\u00f3n flexibles."},"content":{"rendered":"","protected":false},"excerpt":{"rendered":"<p>TGW-LST022<\/p>","protected":false},"featured_media":3615,"comment_status":"open","ping_status":"closed","template":"","meta":[],"product_brand":[],"product_cat":[49,19],"product_tag":[],"class_list":{"0":"post-3606","1":"product","2":"type-product","3":"status-publish","4":"has-post-thumbnail","6":"product_cat-full-height-turnstile","7":"product_cat-turnstile-gate","9":"first","10":"instock","11":"shipping-taxable","12":"product-type-simple"},"_links":{"self":[{"href":"https:\/\/www.sztigerwong.com\/es\/wp-json\/wp\/v2\/product\/3606","targetHints":{"allow":["GET"]}}],"collection":[{"href":"https:\/\/www.sztigerwong.com\/es\/wp-json\/wp\/v2\/product"}],"about":[{"href":"https:\/\/www.sztigerwong.com\/es\/wp-json\/wp\/v2\/types\/product"}],"replies":[{"embeddable":true,"href":"https:\/\/www.sztigerwong.com\/es\/wp-json\/wp\/v2\/comments?post=3606"}],"wp:featuredmedia":[{"embeddable":true,"href":"https:\/\/www.sztigerwong.com\/es\/wp-json\/wp\/v2\/media\/3615"}],"wp:attachment":[{"href":"https:\/\/www.sztigerwong.com\/es\/wp-json\/wp\/v2\/media?parent=3606"}],"wp:term":[{"taxonomy":"product_brand","embeddable":true,"href":"https:\/\/www.sztigerwong.com\/es\/wp-json\/wp\/v2\/product_brand?post=3606"},{"taxonomy":"product_cat","embeddable":true,"href":"https:\/\/www.sztigerwong.com\/es\/wp-json\/wp\/v2\/product_cat?post=3606"},{"taxonomy":"product_tag","embeddable":true,"href":"https:\/\/www.sztigerwong.com\/es\/wp-json\/wp\/v2\/product_tag?post=3606"}],"curies":[{"name":"WP","href":"https:\/\/api.w.org\/{rel}","templated":true}]}}