{"id":3583,"date":"2025-05-30T19:27:43","date_gmt":"2025-05-30T11:27:43","guid":{"rendered":"https:\/\/www.sztigerwong.com\/?post_type=product&#038;p=3583"},"modified":"2025-10-31T10:02:34","modified_gmt":"2025-10-31T02:02:34","slug":"drop-arm-gate-tgw-da011","status":"publish","type":"product","link":"https:\/\/www.sztigerwong.com\/es\/product\/drop-arm-gate-tgw-da011\/","title":{"rendered":"El sistema de estacionamiento de tarjetas RFID TGW-VS01 ofrece una durabilidad de primer nivel e integraci\u00f3n sin problemas. Hecho de hierro con una construcci\u00f3n impermeable, se instala f\u00e1cilmente y se adapta a aparcamientos, puertas comunitarias. Se combina perfectamente con nuestro reconocimiento de matr\u00edculas y puertas de barrera, racionalizando la gesti\u00f3n, mejorando la seguridad y aumentando la eficiencia."},"content":{"rendered":"","protected":false},"excerpt":{"rendered":"<p>El TGW-FH001D cuenta con un dise\u00f1o de barrera tridimensional que supera los 2 metros de altura, formando una barrera f\u00edsica insuperable. A trav\u00e9s de la apertura y cierre alternos de dos conjuntos de alas de puerta giratorias, logra un paso absoluto de una sola persona y un flujo bidireccional controlado, proporcionando el m\u00e1s alto nivel de seguridad para las \u00e1reas centrales. Es una opci\u00f3n ideal para lugares de alta seguridad como aeropuertos, prisiones y centrales el\u00e9ctricas.<\/p>","protected":false},"featured_media":3591,"comment_status":"closed","ping_status":"closed","template":"","meta":[],"product_brand":[],"product_cat":[47,19],"product_tag":[],"class_list":{"0":"post-3583","1":"product","2":"type-product","3":"status-publish","4":"has-post-thumbnail","6":"product_cat-drop-arm-gate","7":"product_cat-turnstile-gate","9":"first","10":"instock","11":"shipping-taxable","12":"product-type-simple"},"_links":{"self":[{"href":"https:\/\/www.sztigerwong.com\/es\/wp-json\/wp\/v2\/product\/3583","targetHints":{"allow":["GET"]}}],"collection":[{"href":"https:\/\/www.sztigerwong.com\/es\/wp-json\/wp\/v2\/product"}],"about":[{"href":"https:\/\/www.sztigerwong.com\/es\/wp-json\/wp\/v2\/types\/product"}],"replies":[{"embeddable":true,"href":"https:\/\/www.sztigerwong.com\/es\/wp-json\/wp\/v2\/comments?post=3583"}],"wp:featuredmedia":[{"embeddable":true,"href":"https:\/\/www.sztigerwong.com\/es\/wp-json\/wp\/v2\/media\/3591"}],"wp:attachment":[{"href":"https:\/\/www.sztigerwong.com\/es\/wp-json\/wp\/v2\/media?parent=3583"}],"wp:term":[{"taxonomy":"product_brand","embeddable":true,"href":"https:\/\/www.sztigerwong.com\/es\/wp-json\/wp\/v2\/product_brand?post=3583"},{"taxonomy":"product_cat","embeddable":true,"href":"https:\/\/www.sztigerwong.com\/es\/wp-json\/wp\/v2\/product_cat?post=3583"},{"taxonomy":"product_tag","embeddable":true,"href":"https:\/\/www.sztigerwong.com\/es\/wp-json\/wp\/v2\/product_tag?post=3583"}],"curies":[{"name":"WP","href":"https:\/\/api.w.org\/{rel}","templated":true}]}}