{"id":3570,"date":"2025-05-30T19:17:19","date_gmt":"2025-05-30T11:17:19","guid":{"rendered":"https:\/\/www.sztigerwong.com\/?post_type=product&#038;p=3570"},"modified":"2025-11-07T09:57:33","modified_gmt":"2025-11-07T01:57:33","slug":"software-tgw-parksfw-l","status":"publish","type":"product","link":"https:\/\/www.sztigerwong.com\/es\/product\/software-tgw-parksfw-l\/","title":{"rendered":"TigerWong&#039; El sistema de gu\u00eda de estacionamiento TGW-T01Q ayuda a los conductores a encontrar espacios disponibles r\u00e1pidamente con indicadores LED en tiempo real y tecnolog\u00eda de detecci\u00f3n inteligente."},"content":{"rendered":"","protected":false},"excerpt":{"rendered":"<p>Dentro de un cierto rango, la velocidad de reconocimiento no se ve afectada por el veh\u00edculo&#8217; Velocidad S. Sin embargo, para veh\u00edculos que viajan a altas velocidades, puede requerirse una configuraci\u00f3n de hardware m\u00e1s avanzada para garantizar el rendimiento en tiempo real.<\/p>","protected":false},"featured_media":3576,"comment_status":"closed","ping_status":"closed","template":"","meta":[],"product_brand":[],"product_cat":[21],"product_tag":[],"class_list":{"0":"post-3570","1":"product","2":"type-product","3":"status-publish","4":"has-post-thumbnail","6":"product_cat-software","8":"first","9":"instock","10":"shipping-taxable","11":"product-type-simple"},"_links":{"self":[{"href":"https:\/\/www.sztigerwong.com\/es\/wp-json\/wp\/v2\/product\/3570","targetHints":{"allow":["GET"]}}],"collection":[{"href":"https:\/\/www.sztigerwong.com\/es\/wp-json\/wp\/v2\/product"}],"about":[{"href":"https:\/\/www.sztigerwong.com\/es\/wp-json\/wp\/v2\/types\/product"}],"replies":[{"embeddable":true,"href":"https:\/\/www.sztigerwong.com\/es\/wp-json\/wp\/v2\/comments?post=3570"}],"wp:featuredmedia":[{"embeddable":true,"href":"https:\/\/www.sztigerwong.com\/es\/wp-json\/wp\/v2\/media\/3576"}],"wp:attachment":[{"href":"https:\/\/www.sztigerwong.com\/es\/wp-json\/wp\/v2\/media?parent=3570"}],"wp:term":[{"taxonomy":"product_brand","embeddable":true,"href":"https:\/\/www.sztigerwong.com\/es\/wp-json\/wp\/v2\/product_brand?post=3570"},{"taxonomy":"product_cat","embeddable":true,"href":"https:\/\/www.sztigerwong.com\/es\/wp-json\/wp\/v2\/product_cat?post=3570"},{"taxonomy":"product_tag","embeddable":true,"href":"https:\/\/www.sztigerwong.com\/es\/wp-json\/wp\/v2\/product_tag?post=3570"}],"curies":[{"name":"WP","href":"https:\/\/api.w.org\/{rel}","templated":true}]}}