{"id":3474,"date":"2025-05-30T16:48:20","date_gmt":"2025-05-30T08:48:20","guid":{"rendered":"https:\/\/www.sztigerwong.com\/?post_type=product&#038;p=3474"},"modified":"2025-10-28T17:25:57","modified_gmt":"2025-10-28T09:25:57","slug":"rfid-card-parking-system-tgw-tbce","status":"publish","type":"product","link":"https:\/\/www.sztigerwong.com\/es\/product\/rfid-card-parking-system-tgw-tbce\/","title":{"rendered":"Sistema de estacionamiento de tarjetas RFID &#8211; TGW-TBCE"},"content":{"rendered":"","protected":false},"excerpt":{"rendered":"<p>El dispensador de tarjetas TGW-TBCE adopta la combinaci\u00f3n cl\u00e1sica de carcasa met\u00e1lica y panel de pl\u00e1stico de ingenier\u00eda. Es duradero y econ\u00f3mico, y es una opci\u00f3n fiable para aparcamientos peque\u00f1os y medianos. El producto tiene funciones relativamente completas. Con un rendimiento estable y un bajo costo de mantenimiento, es particularmente adecuado para \u00e1reas residenciales, parques industriales y otros lugares que no requieren una alta inteligencia pero requieren un funcionamiento estable a largo plazo.<\/p>","protected":false},"featured_media":3482,"template":"","meta":[],"product_brand":[],"product_cat":[15,44],"product_tag":[],"class_list":{"0":"post-3474","1":"product","2":"type-product","3":"status-publish","4":"has-post-thumbnail","6":"product_cat-parking-management-system","7":"product_cat-rfid-card-parking-system","9":"first","10":"instock","11":"shipping-taxable","12":"product-type-simple"},"_links":{"self":[{"href":"https:\/\/www.sztigerwong.com\/es\/wp-json\/wp\/v2\/product\/3474","targetHints":{"allow":["GET"]}}],"collection":[{"href":"https:\/\/www.sztigerwong.com\/es\/wp-json\/wp\/v2\/product"}],"about":[{"href":"https:\/\/www.sztigerwong.com\/es\/wp-json\/wp\/v2\/types\/product"}],"wp:featuredmedia":[{"embeddable":true,"href":"https:\/\/www.sztigerwong.com\/es\/wp-json\/wp\/v2\/media\/3482"}],"wp:attachment":[{"href":"https:\/\/www.sztigerwong.com\/es\/wp-json\/wp\/v2\/media?parent=3474"}],"wp:term":[{"taxonomy":"product_brand","embeddable":true,"href":"https:\/\/www.sztigerwong.com\/es\/wp-json\/wp\/v2\/product_brand?post=3474"},{"taxonomy":"product_cat","embeddable":true,"href":"https:\/\/www.sztigerwong.com\/es\/wp-json\/wp\/v2\/product_cat?post=3474"},{"taxonomy":"product_tag","embeddable":true,"href":"https:\/\/www.sztigerwong.com\/es\/wp-json\/wp\/v2\/product_tag?post=3474"}],"curies":[{"name":"WP","href":"https:\/\/api.w.org\/{rel}","templated":true}]}}