{"id":5413,"date":"2025-11-08T13:43:28","date_gmt":"2025-11-08T05:43:28","guid":{"rendered":"https:\/\/www.sztigerwong.com\/?post_type=product&#038;p=5413"},"modified":"2025-11-08T15:16:05","modified_gmt":"2025-11-08T07:16:05","slug":"software-tgw-parksfw-ts","status":"publish","type":"product","link":"https:\/\/www.sztigerwong.com\/de\/product\/software-tgw-parksfw-ts\/","title":{"rendered":"TGW-Webbase-L ist eine cloudbasierte integrierte Kennzeichenerkennung und Betriebsmanagementl\u00f6sung auf Basis einer B\/S-Architektur. Benutzer m\u00fcssen keine Client-Software installieren; Sie k\u00f6nnen jederzeit und \u00fcberall \u00fcber einen Browser darauf zugreifen, um eine zentrale und visualisierte Verwaltung von Parkpl\u00e4tzen oder Erkennungspunkten an verschiedenen Orten zu erreichen."},"content":{"rendered":"","protected":false},"excerpt":{"rendered":"<p>Software - TGW-Webbase-L<\/p>","protected":false},"featured_media":5414,"comment_status":"closed","ping_status":"closed","template":"","meta":[],"product_brand":[],"product_cat":[21],"product_tag":[],"class_list":{"0":"post-5413","1":"product","2":"type-product","3":"status-publish","4":"has-post-thumbnail","6":"product_cat-software","8":"first","9":"instock","10":"shipping-taxable","11":"product-type-simple"},"_links":{"self":[{"href":"https:\/\/www.sztigerwong.com\/de\/wp-json\/wp\/v2\/product\/5413","targetHints":{"allow":["GET"]}}],"collection":[{"href":"https:\/\/www.sztigerwong.com\/de\/wp-json\/wp\/v2\/product"}],"about":[{"href":"https:\/\/www.sztigerwong.com\/de\/wp-json\/wp\/v2\/types\/product"}],"replies":[{"embeddable":true,"href":"https:\/\/www.sztigerwong.com\/de\/wp-json\/wp\/v2\/comments?post=5413"}],"wp:featuredmedia":[{"embeddable":true,"href":"https:\/\/www.sztigerwong.com\/de\/wp-json\/wp\/v2\/media\/5414"}],"wp:attachment":[{"href":"https:\/\/www.sztigerwong.com\/de\/wp-json\/wp\/v2\/media?parent=5413"}],"wp:term":[{"taxonomy":"product_brand","embeddable":true,"href":"https:\/\/www.sztigerwong.com\/de\/wp-json\/wp\/v2\/product_brand?post=5413"},{"taxonomy":"product_cat","embeddable":true,"href":"https:\/\/www.sztigerwong.com\/de\/wp-json\/wp\/v2\/product_cat?post=5413"},{"taxonomy":"product_tag","embeddable":true,"href":"https:\/\/www.sztigerwong.com\/de\/wp-json\/wp\/v2\/product_tag?post=5413"}],"curies":[{"name":"WP","href":"https:\/\/api.w.org\/{rel}","templated":true}]}}