{"id":5360,"date":"2025-11-07T14:11:53","date_gmt":"2025-11-07T06:11:53","guid":{"rendered":"https:\/\/www.sztigerwong.com\/?post_type=product&#038;p=5360"},"modified":"2025-11-07T16:59:12","modified_gmt":"2025-11-07T08:59:12","slug":"software-tgw-webbase-l","status":"publish","type":"product","link":"https:\/\/www.sztigerwong.com\/de\/product\/software-tgw-webbase-l\/","title":{"rendered":"Technische Hilfe wartet 24\/7. Ingenieure fliegen aus, wenn ein gro\u00dfes Problem auftaucht und beheben es vor Ort."},"content":{"rendered":"","protected":false},"excerpt":{"rendered":"<p>Wie gew\u00e4hrleistet TigerWong \u00fcberlegene Qualit\u00e4t und Service?<\/p>","protected":false},"featured_media":5409,"comment_status":"closed","ping_status":"closed","template":"","meta":[],"product_brand":[],"product_cat":[21],"product_tag":[],"class_list":{"0":"post-5360","1":"product","2":"type-product","3":"status-publish","4":"has-post-thumbnail","6":"product_cat-software","8":"first","9":"instock","10":"shipping-taxable","11":"product-type-simple"},"_links":{"self":[{"href":"https:\/\/www.sztigerwong.com\/de\/wp-json\/wp\/v2\/product\/5360","targetHints":{"allow":["GET"]}}],"collection":[{"href":"https:\/\/www.sztigerwong.com\/de\/wp-json\/wp\/v2\/product"}],"about":[{"href":"https:\/\/www.sztigerwong.com\/de\/wp-json\/wp\/v2\/types\/product"}],"replies":[{"embeddable":true,"href":"https:\/\/www.sztigerwong.com\/de\/wp-json\/wp\/v2\/comments?post=5360"}],"wp:featuredmedia":[{"embeddable":true,"href":"https:\/\/www.sztigerwong.com\/de\/wp-json\/wp\/v2\/media\/5409"}],"wp:attachment":[{"href":"https:\/\/www.sztigerwong.com\/de\/wp-json\/wp\/v2\/media?parent=5360"}],"wp:term":[{"taxonomy":"product_brand","embeddable":true,"href":"https:\/\/www.sztigerwong.com\/de\/wp-json\/wp\/v2\/product_brand?post=5360"},{"taxonomy":"product_cat","embeddable":true,"href":"https:\/\/www.sztigerwong.com\/de\/wp-json\/wp\/v2\/product_cat?post=5360"},{"taxonomy":"product_tag","embeddable":true,"href":"https:\/\/www.sztigerwong.com\/de\/wp-json\/wp\/v2\/product_tag?post=5360"}],"curies":[{"name":"WP","href":"https:\/\/api.w.org\/{rel}","templated":true}]}}