{"id":5145,"date":"2025-10-30T13:36:51","date_gmt":"2025-10-30T05:36:51","guid":{"rendered":"https:\/\/www.sztigerwong.com\/?post_type=product&#038;p=5145"},"modified":"2025-10-30T13:48:30","modified_gmt":"2025-10-30T05:48:30","slug":"parking-payment-system-tgw-ap12cw","status":"publish","type":"product","link":"https:\/\/www.sztigerwong.com\/de\/product\/parking-payment-system-tgw-ap12cw\/","title":{"rendered":"Kann das Tag auf Metalloberfl\u00e4chen verwendet werden?"},"content":{"rendered":"","protected":false},"excerpt":{"rendered":"<p>Das Ger\u00e4t muss an ein Netzkabel angeschlossen werden. F\u00fcr die Daten\u00fcbertragung wird drahtloses Wi-Fi\/4G\/5G empfohlen, was die Komplexit\u00e4t der Konstruktionsverdrahtung erheblich reduziert.<\/p>","protected":false},"featured_media":5151,"comment_status":"closed","ping_status":"closed","template":"","meta":[],"product_brand":[],"product_cat":[15,43],"product_tag":[],"class_list":{"0":"post-5145","1":"product","2":"type-product","3":"status-publish","4":"has-post-thumbnail","6":"product_cat-parking-management-system","7":"product_cat-parking-payment-system","9":"first","10":"instock","11":"shipping-taxable","12":"product-type-simple"},"_links":{"self":[{"href":"https:\/\/www.sztigerwong.com\/de\/wp-json\/wp\/v2\/product\/5145","targetHints":{"allow":["GET"]}}],"collection":[{"href":"https:\/\/www.sztigerwong.com\/de\/wp-json\/wp\/v2\/product"}],"about":[{"href":"https:\/\/www.sztigerwong.com\/de\/wp-json\/wp\/v2\/types\/product"}],"replies":[{"embeddable":true,"href":"https:\/\/www.sztigerwong.com\/de\/wp-json\/wp\/v2\/comments?post=5145"}],"wp:featuredmedia":[{"embeddable":true,"href":"https:\/\/www.sztigerwong.com\/de\/wp-json\/wp\/v2\/media\/5151"}],"wp:attachment":[{"href":"https:\/\/www.sztigerwong.com\/de\/wp-json\/wp\/v2\/media?parent=5145"}],"wp:term":[{"taxonomy":"product_brand","embeddable":true,"href":"https:\/\/www.sztigerwong.com\/de\/wp-json\/wp\/v2\/product_brand?post=5145"},{"taxonomy":"product_cat","embeddable":true,"href":"https:\/\/www.sztigerwong.com\/de\/wp-json\/wp\/v2\/product_cat?post=5145"},{"taxonomy":"product_tag","embeddable":true,"href":"https:\/\/www.sztigerwong.com\/de\/wp-json\/wp\/v2\/product_tag?post=5145"}],"curies":[{"name":"WP","href":"https:\/\/api.w.org\/{rel}","templated":true}]}}