{"id":5134,"date":"2025-10-29T16:09:42","date_gmt":"2025-10-29T08:09:42","guid":{"rendered":"https:\/\/www.sztigerwong.com\/?post_type=product&#038;p=5134"},"modified":"2025-10-29T16:17:57","modified_gmt":"2025-10-29T08:17:57","slug":"parking-payment-system-tgw-ap27","status":"publish","type":"product","link":"https:\/\/www.sztigerwong.com\/de\/product\/parking-payment-system-tgw-ap27\/","title":{"rendered":"5. Die Installation erfordert Verkabelung?"},"content":{"rendered":"","protected":false},"excerpt":{"rendered":"<p>Das Ger\u00e4t muss an ein Netzkabel angeschlossen werden. F\u00fcr die Daten\u00fcbertragung wird drahtloses Wi-Fi\/4G\/5G empfohlen, was die Komplexit\u00e4t der Konstruktionsverdrahtung erheblich reduziert.<\/p>","protected":false},"featured_media":5135,"comment_status":"closed","ping_status":"closed","template":"","meta":[],"product_brand":[],"product_cat":[15,43],"product_tag":[],"class_list":{"0":"post-5134","1":"product","2":"type-product","3":"status-publish","4":"has-post-thumbnail","6":"product_cat-parking-management-system","7":"product_cat-parking-payment-system","9":"first","10":"instock","11":"shipping-taxable","12":"product-type-simple"},"_links":{"self":[{"href":"https:\/\/www.sztigerwong.com\/de\/wp-json\/wp\/v2\/product\/5134","targetHints":{"allow":["GET"]}}],"collection":[{"href":"https:\/\/www.sztigerwong.com\/de\/wp-json\/wp\/v2\/product"}],"about":[{"href":"https:\/\/www.sztigerwong.com\/de\/wp-json\/wp\/v2\/types\/product"}],"replies":[{"embeddable":true,"href":"https:\/\/www.sztigerwong.com\/de\/wp-json\/wp\/v2\/comments?post=5134"}],"wp:featuredmedia":[{"embeddable":true,"href":"https:\/\/www.sztigerwong.com\/de\/wp-json\/wp\/v2\/media\/5135"}],"wp:attachment":[{"href":"https:\/\/www.sztigerwong.com\/de\/wp-json\/wp\/v2\/media?parent=5134"}],"wp:term":[{"taxonomy":"product_brand","embeddable":true,"href":"https:\/\/www.sztigerwong.com\/de\/wp-json\/wp\/v2\/product_brand?post=5134"},{"taxonomy":"product_cat","embeddable":true,"href":"https:\/\/www.sztigerwong.com\/de\/wp-json\/wp\/v2\/product_cat?post=5134"},{"taxonomy":"product_tag","embeddable":true,"href":"https:\/\/www.sztigerwong.com\/de\/wp-json\/wp\/v2\/product_tag?post=5134"}],"curies":[{"name":"WP","href":"https:\/\/api.w.org\/{rel}","templated":true}]}}