{"id":5116,"date":"2025-10-29T09:42:58","date_gmt":"2025-10-29T01:42:58","guid":{"rendered":"https:\/\/www.sztigerwong.com\/?post_type=product&#038;p=5116"},"modified":"2025-10-29T10:06:26","modified_gmt":"2025-10-29T02:06:26","slug":"parking-guidance-system-tgw03-e","status":"publish","type":"product","link":"https:\/\/www.sztigerwong.com\/de\/product\/parking-guidance-system-tgw03-e\/","title":{"rendered":"Eine rationale Strukturgestaltung und standardisierte Komponenten reduzieren die Installationsschwierigkeit und -zeit erheblich und sparen effektiv Installationskosten."},"content":{"rendered":"","protected":false},"excerpt":{"rendered":"<p>Erschwingliche Preisgestaltung reduziert die Beschaffungs- und Betriebskosten erheblich und gew\u00e4hrleistet gleichzeitig die Kernfunktionalit\u00e4t, was zu einem extrem hohen Kosten-Leistungsverh\u00e4ltnis f\u00fchrt.<\/p>","protected":false},"featured_media":5120,"comment_status":"closed","ping_status":"closed","template":"","meta":[],"product_brand":[],"product_cat":[42,15],"product_tag":[],"class_list":{"0":"post-5116","1":"product","2":"type-product","3":"status-publish","4":"has-post-thumbnail","6":"product_cat-parking-guidance-system","7":"product_cat-parking-management-system","9":"first","10":"instock","11":"shipping-taxable","12":"product-type-simple"},"_links":{"self":[{"href":"https:\/\/www.sztigerwong.com\/de\/wp-json\/wp\/v2\/product\/5116","targetHints":{"allow":["GET"]}}],"collection":[{"href":"https:\/\/www.sztigerwong.com\/de\/wp-json\/wp\/v2\/product"}],"about":[{"href":"https:\/\/www.sztigerwong.com\/de\/wp-json\/wp\/v2\/types\/product"}],"replies":[{"embeddable":true,"href":"https:\/\/www.sztigerwong.com\/de\/wp-json\/wp\/v2\/comments?post=5116"}],"wp:featuredmedia":[{"embeddable":true,"href":"https:\/\/www.sztigerwong.com\/de\/wp-json\/wp\/v2\/media\/5120"}],"wp:attachment":[{"href":"https:\/\/www.sztigerwong.com\/de\/wp-json\/wp\/v2\/media?parent=5116"}],"wp:term":[{"taxonomy":"product_brand","embeddable":true,"href":"https:\/\/www.sztigerwong.com\/de\/wp-json\/wp\/v2\/product_brand?post=5116"},{"taxonomy":"product_cat","embeddable":true,"href":"https:\/\/www.sztigerwong.com\/de\/wp-json\/wp\/v2\/product_cat?post=5116"},{"taxonomy":"product_tag","embeddable":true,"href":"https:\/\/www.sztigerwong.com\/de\/wp-json\/wp\/v2\/product_tag?post=5116"}],"curies":[{"name":"WP","href":"https:\/\/api.w.org\/{rel}","templated":true}]}}