{"id":5046,"date":"2025-10-27T16:17:37","date_gmt":"2025-10-27T08:17:37","guid":{"rendered":"https:\/\/www.sztigerwong.com\/?post_type=product&#038;p=5046"},"modified":"2025-10-27T16:44:38","modified_gmt":"2025-10-27T08:44:38","slug":"wing-wings-turnstile-gate-tgw-wt017","status":"publish","type":"product","link":"https:\/\/www.sztigerwong.com\/de\/product\/wing-wings-turnstile-gate-tgw-wt017\/","title":{"rendered":"Fl\u00fcgel \/ Fl\u00fcgel Drehscheibentor &#8211; TGW-WT017"},"content":{"rendered":"","protected":false},"excerpt":{"rendered":"<p>TGW-WT017 erbt die Kernzugriffslogik von Standard-Fl\u00fcgeltoren. Durch seine raffinierte Struktur und kompakte Konstruktion implementiert es wesentliche Funktionen f\u00fcr das Zugangsmanagement in Schl\u00fcsselbereichen. Durch seinen kompakten Fu\u00dfabdruck l\u00e4sst sich er einfach in enge R\u00e4ume integrieren und l\u00f6st die Herausforderung der Installation von Zugangstoren in vielen Orten aufgrund von Platzbeschr\u00e4nkungen. Trotz seines minimalistischen Designs h\u00e4lt es das Prinzip der &#8220; eine Person auf einmal, sichere Durchfahrt,&#8221; So ist es eine ideale Wahl f\u00fcr kosteng\u00fcnstige, effiziente Personalmanagement in Standorten wie Convenience Stores, B\u00fcroinnent\u00fcren und unbemannten Schaltern.<\/p>","protected":false},"featured_media":5047,"comment_status":"closed","ping_status":"closed","template":"","meta":[],"product_brand":[],"product_cat":[48,19],"product_tag":[],"class_list":{"0":"post-5046","1":"product","2":"type-product","3":"status-publish","4":"has-post-thumbnail","6":"product_cat-flap-wings-turnstile-gate","7":"product_cat-turnstile-gate","9":"first","10":"instock","11":"shipping-taxable","12":"product-type-simple"},"_links":{"self":[{"href":"https:\/\/www.sztigerwong.com\/de\/wp-json\/wp\/v2\/product\/5046","targetHints":{"allow":["GET"]}}],"collection":[{"href":"https:\/\/www.sztigerwong.com\/de\/wp-json\/wp\/v2\/product"}],"about":[{"href":"https:\/\/www.sztigerwong.com\/de\/wp-json\/wp\/v2\/types\/product"}],"replies":[{"embeddable":true,"href":"https:\/\/www.sztigerwong.com\/de\/wp-json\/wp\/v2\/comments?post=5046"}],"wp:featuredmedia":[{"embeddable":true,"href":"https:\/\/www.sztigerwong.com\/de\/wp-json\/wp\/v2\/media\/5047"}],"wp:attachment":[{"href":"https:\/\/www.sztigerwong.com\/de\/wp-json\/wp\/v2\/media?parent=5046"}],"wp:term":[{"taxonomy":"product_brand","embeddable":true,"href":"https:\/\/www.sztigerwong.com\/de\/wp-json\/wp\/v2\/product_brand?post=5046"},{"taxonomy":"product_cat","embeddable":true,"href":"https:\/\/www.sztigerwong.com\/de\/wp-json\/wp\/v2\/product_cat?post=5046"},{"taxonomy":"product_tag","embeddable":true,"href":"https:\/\/www.sztigerwong.com\/de\/wp-json\/wp\/v2\/product_tag?post=5046"}],"curies":[{"name":"WP","href":"https:\/\/api.w.org\/{rel}","templated":true}]}}