{"id":4448,"date":"2025-09-04T09:33:43","date_gmt":"2025-09-04T01:33:43","guid":{"rendered":"https:\/\/www.sztigerwong.com\/?post_type=product&#038;p=4448"},"modified":"2025-09-04T10:19:11","modified_gmt":"2025-09-04T02:19:11","slug":"swing-turnstile-gate-tgw-lst030","status":"publish","type":"product","link":"https:\/\/www.sztigerwong.com\/de\/product\/swing-turnstile-gate-tgw-lst030\/","title":{"rendered":"10. Wie wird die Anti-Pinch-Funktion des Schaukeltors realisiert?"},"content":{"rendered":"","protected":false},"excerpt":{"rendered":"<p>\u00dcber mehrere Paare Infrarot-Sensoren wird der Kanalbereich in Echtzeit \u00fcberwacht. Bei Hindernissen stoppt oder r\u00fcckt der Schwingarm automatisch ab und unterst\u00fctzt die Krafteinstellung.<\/p>","protected":false},"featured_media":4449,"comment_status":"closed","ping_status":"closed","template":"","meta":[],"product_brand":[],"product_cat":[53,19],"product_tag":[],"class_list":{"0":"post-4448","1":"product","2":"type-product","3":"status-publish","4":"has-post-thumbnail","6":"product_cat-swing-turnstile-gate","7":"product_cat-turnstile-gate","9":"first","10":"instock","11":"shipping-taxable","12":"product-type-simple"},"_links":{"self":[{"href":"https:\/\/www.sztigerwong.com\/de\/wp-json\/wp\/v2\/product\/4448","targetHints":{"allow":["GET"]}}],"collection":[{"href":"https:\/\/www.sztigerwong.com\/de\/wp-json\/wp\/v2\/product"}],"about":[{"href":"https:\/\/www.sztigerwong.com\/de\/wp-json\/wp\/v2\/types\/product"}],"replies":[{"embeddable":true,"href":"https:\/\/www.sztigerwong.com\/de\/wp-json\/wp\/v2\/comments?post=4448"}],"wp:featuredmedia":[{"embeddable":true,"href":"https:\/\/www.sztigerwong.com\/de\/wp-json\/wp\/v2\/media\/4449"}],"wp:attachment":[{"href":"https:\/\/www.sztigerwong.com\/de\/wp-json\/wp\/v2\/media?parent=4448"}],"wp:term":[{"taxonomy":"product_brand","embeddable":true,"href":"https:\/\/www.sztigerwong.com\/de\/wp-json\/wp\/v2\/product_brand?post=4448"},{"taxonomy":"product_cat","embeddable":true,"href":"https:\/\/www.sztigerwong.com\/de\/wp-json\/wp\/v2\/product_cat?post=4448"},{"taxonomy":"product_tag","embeddable":true,"href":"https:\/\/www.sztigerwong.com\/de\/wp-json\/wp\/v2\/product_tag?post=4448"}],"curies":[{"name":"WP","href":"https:\/\/api.w.org\/{rel}","templated":true}]}}