{"id":4353,"date":"2025-08-26T09:33:22","date_gmt":"2025-08-26T01:33:22","guid":{"rendered":"https:\/\/www.sztigerwong.com\/?post_type=product&#038;p=4353"},"modified":"2025-08-26T10:32:02","modified_gmt":"2025-08-26T02:32:02","slug":"swing-turnstile-gate-tgw-lst001","status":"publish","type":"product","link":"https:\/\/www.sztigerwong.com\/de\/product\/swing-turnstile-gate-tgw-lst001\/","title":{"rendered":"Die Drei-Rollen-Rotationsstruktur bietet physikalische Isolierung und Echtzeit\u00fcberwachung mit Infrarot-Sensoren, um Zwangseintritt oder R\u00fccklauf zu verhindern."},"content":{"rendered":"","protected":false},"excerpt":{"rendered":"<p>TGW-LST001 nimmt ein integriertes vollst\u00e4ndig geschlossenes Design mit einfachen und glatten Linien und langlebigen Materialien an, um ein modernes Kanalverwaltungsger\u00e4t zu schaffen. Es eignet sich f\u00fcr verkehrsreiche Orte wie B\u00fcrogeb\u00e4ude, Parks, U-Bahnstationen und Veranstaltungsorte und bietet effiziente, sichere und sch\u00f6ne Verkehrsl\u00f6sungen.<\/p>","protected":false},"featured_media":4354,"comment_status":"closed","ping_status":"closed","template":"","meta":[],"product_brand":[],"product_cat":[53,19],"product_tag":[],"class_list":{"0":"post-4353","1":"product","2":"type-product","3":"status-publish","4":"has-post-thumbnail","6":"product_cat-swing-turnstile-gate","7":"product_cat-turnstile-gate","9":"first","10":"instock","11":"shipping-taxable","12":"product-type-simple"},"_links":{"self":[{"href":"https:\/\/www.sztigerwong.com\/de\/wp-json\/wp\/v2\/product\/4353","targetHints":{"allow":["GET"]}}],"collection":[{"href":"https:\/\/www.sztigerwong.com\/de\/wp-json\/wp\/v2\/product"}],"about":[{"href":"https:\/\/www.sztigerwong.com\/de\/wp-json\/wp\/v2\/types\/product"}],"replies":[{"embeddable":true,"href":"https:\/\/www.sztigerwong.com\/de\/wp-json\/wp\/v2\/comments?post=4353"}],"wp:featuredmedia":[{"embeddable":true,"href":"https:\/\/www.sztigerwong.com\/de\/wp-json\/wp\/v2\/media\/4354"}],"wp:attachment":[{"href":"https:\/\/www.sztigerwong.com\/de\/wp-json\/wp\/v2\/media?parent=4353"}],"wp:term":[{"taxonomy":"product_brand","embeddable":true,"href":"https:\/\/www.sztigerwong.com\/de\/wp-json\/wp\/v2\/product_brand?post=4353"},{"taxonomy":"product_cat","embeddable":true,"href":"https:\/\/www.sztigerwong.com\/de\/wp-json\/wp\/v2\/product_cat?post=4353"},{"taxonomy":"product_tag","embeddable":true,"href":"https:\/\/www.sztigerwong.com\/de\/wp-json\/wp\/v2\/product_tag?post=4353"}],"curies":[{"name":"WP","href":"https:\/\/api.w.org\/{rel}","templated":true}]}}