{"id":4294,"date":"2025-08-16T11:41:22","date_gmt":"2025-08-16T03:41:22","guid":{"rendered":"https:\/\/www.sztigerwong.com\/?post_type=product&#038;p=4294"},"modified":"2025-08-16T15:40:06","modified_gmt":"2025-08-16T07:40:06","slug":"tripod-turnstile-gate-tgw-tt030","status":"publish","type":"product","link":"https:\/\/www.sztigerwong.com\/de\/product\/tripod-turnstile-gate-tgw-tt030\/","title":{"rendered":"Stativ Drehscheibentor &#8211; TGW-TT030"},"content":{"rendered":"","protected":false},"excerpt":{"rendered":"<p>TGW-TT030 \u00fcbernimmt ein minimalistisches geometrisches \u00e4sthetisches Design, mit einer eleganten gekr\u00fcmmten Kontur und einem integrierten K\u00f6rper, um ein modernes Kanalmanagementger\u00e4t zu schaffen. Bei hoher Sicherheit ber\u00fccksichtigt sie auch die visuelle Sch\u00f6nheit. Es ist geeignet f\u00fcr High-End-B\u00fcrogeb\u00e4ude, Handelszentren, Flugh\u00e4fen, Messehallen und andere Orte mit strengen Bildanforderungen, die Benutzern eine reibungslose und komfortable Durchfahrt bieten.<\/p>\n<p>&nbsp;<\/p>","protected":false},"featured_media":4295,"comment_status":"closed","ping_status":"closed","template":"","meta":[],"product_brand":[],"product_cat":[54,19],"product_tag":[],"class_list":{"0":"post-4294","1":"product","2":"type-product","3":"status-publish","4":"has-post-thumbnail","6":"product_cat-tripod-turnstile-gate","7":"product_cat-turnstile-gate","9":"first","10":"instock","11":"shipping-taxable","12":"product-type-simple"},"_links":{"self":[{"href":"https:\/\/www.sztigerwong.com\/de\/wp-json\/wp\/v2\/product\/4294","targetHints":{"allow":["GET"]}}],"collection":[{"href":"https:\/\/www.sztigerwong.com\/de\/wp-json\/wp\/v2\/product"}],"about":[{"href":"https:\/\/www.sztigerwong.com\/de\/wp-json\/wp\/v2\/types\/product"}],"replies":[{"embeddable":true,"href":"https:\/\/www.sztigerwong.com\/de\/wp-json\/wp\/v2\/comments?post=4294"}],"wp:featuredmedia":[{"embeddable":true,"href":"https:\/\/www.sztigerwong.com\/de\/wp-json\/wp\/v2\/media\/4295"}],"wp:attachment":[{"href":"https:\/\/www.sztigerwong.com\/de\/wp-json\/wp\/v2\/media?parent=4294"}],"wp:term":[{"taxonomy":"product_brand","embeddable":true,"href":"https:\/\/www.sztigerwong.com\/de\/wp-json\/wp\/v2\/product_brand?post=4294"},{"taxonomy":"product_cat","embeddable":true,"href":"https:\/\/www.sztigerwong.com\/de\/wp-json\/wp\/v2\/product_cat?post=4294"},{"taxonomy":"product_tag","embeddable":true,"href":"https:\/\/www.sztigerwong.com\/de\/wp-json\/wp\/v2\/product_tag?post=4294"}],"curies":[{"name":"WP","href":"https:\/\/api.w.org\/{rel}","templated":true}]}}