{"id":4287,"date":"2025-08-16T10:27:32","date_gmt":"2025-08-16T02:27:32","guid":{"rendered":"https:\/\/www.sztigerwong.com\/?post_type=product&#038;p=4287"},"modified":"2025-08-16T11:00:00","modified_gmt":"2025-08-16T03:00:00","slug":"tripod-turnstile-gate-tgw-tt028","status":"publish","type":"product","link":"https:\/\/www.sztigerwong.com\/de\/product\/tripod-turnstile-gate-tgw-tt028\/","title":{"rendered":"Stativ Drehscheibentor &#8211; TGW-TT028"},"content":{"rendered":"","protected":false},"excerpt":{"rendered":"<p>TGW-TT028 ist ein intelligentes Sicherheitsger\u00e4t, das sich dem Personalkanalmanagement widmet. Es nimmt hochfeste Materialien und pr\u00e4zises mechanisches Strukturdesign an. Es eignet sich f\u00fcr U-Bahnen, malerische Orte, Stadien, Fabriken, Campus und andere Orte, die eine hohe Frequenz und hohe Sicherheit der Verkehrskontrolle erfordern. Sein bogenf\u00f6rmiges Erscheinungsbild ist sowohl sch\u00f6n als auch praktisch, was den Fluss von Menschen effektiv leiten und einen oder zwei-Wege-kontrollierten Durchgang realisieren kann.<\/p>\n<p>&nbsp;<\/p>","protected":false},"featured_media":4288,"comment_status":"closed","ping_status":"closed","template":"","meta":[],"product_brand":[],"product_cat":[54,19],"product_tag":[],"class_list":{"0":"post-4287","1":"product","2":"type-product","3":"status-publish","4":"has-post-thumbnail","6":"product_cat-tripod-turnstile-gate","7":"product_cat-turnstile-gate","9":"first","10":"instock","11":"shipping-taxable","12":"product-type-simple"},"_links":{"self":[{"href":"https:\/\/www.sztigerwong.com\/de\/wp-json\/wp\/v2\/product\/4287","targetHints":{"allow":["GET"]}}],"collection":[{"href":"https:\/\/www.sztigerwong.com\/de\/wp-json\/wp\/v2\/product"}],"about":[{"href":"https:\/\/www.sztigerwong.com\/de\/wp-json\/wp\/v2\/types\/product"}],"replies":[{"embeddable":true,"href":"https:\/\/www.sztigerwong.com\/de\/wp-json\/wp\/v2\/comments?post=4287"}],"wp:featuredmedia":[{"embeddable":true,"href":"https:\/\/www.sztigerwong.com\/de\/wp-json\/wp\/v2\/media\/4288"}],"wp:attachment":[{"href":"https:\/\/www.sztigerwong.com\/de\/wp-json\/wp\/v2\/media?parent=4287"}],"wp:term":[{"taxonomy":"product_brand","embeddable":true,"href":"https:\/\/www.sztigerwong.com\/de\/wp-json\/wp\/v2\/product_brand?post=4287"},{"taxonomy":"product_cat","embeddable":true,"href":"https:\/\/www.sztigerwong.com\/de\/wp-json\/wp\/v2\/product_cat?post=4287"},{"taxonomy":"product_tag","embeddable":true,"href":"https:\/\/www.sztigerwong.com\/de\/wp-json\/wp\/v2\/product_tag?post=4287"}],"curies":[{"name":"WP","href":"https:\/\/api.w.org\/{rel}","templated":true}]}}